{"id":98247,"date":"2023-07-10T11:52:42","date_gmt":"2023-07-10T11:52:42","guid":{"rendered":"https:\/\/explorial.com\/trails\/visita-a-cidade-cidade-do-mexico-1\/"},"modified":"2024-09-10T07:54:58","modified_gmt":"2024-09-10T07:54:58","slug":"visita-a-cidade-cidade-do-mexico-1","status":"publish","type":"product","link":"https:\/\/explorial.com\/pt-pt\/trails\/visita-a-cidade-cidade-do-mexico-1\/","title":{"rendered":"Cidade do M\u00e9xico (Historic Centre)"},"content":{"rendered":"","protected":false},"excerpt":{"rendered":"","protected":false},"featured_media":98125,"comment_status":"open","ping_status":"closed","template":"","meta":{"_acf_changed":false},"product_brand":[],"product_cat":[1336,1592],"product_tag":[1585],"class_list":{"0":"post-98247","1":"product","2":"type-product","3":"status-publish","4":"has-post-thumbnail","6":"product_cat-mexico-pt","7":"product_cat-central-mexico-pt","8":"product_tag-mexico-city-ch","10":"first","11":"instock","12":"sale","13":"taxable","14":"shipping-taxable","15":"purchasable","16":"product-type-variable"},"acf":{"city_name":"Cidade do M\u00e9xico","city_name_display":"Cidade do M\u00e9xico (Historic Centre)","languages":"Alem\u00e3o, Ingl\u00eas","duration":"cerca de 1.5 - 2 horas","description_1":"","description_2":"","city_description":"","short_description":"","notes":"","header_image":98119,"highlight_locations":"Palacio Postal, Palacio Nacional, Casa de los Azulejos","additional_wheelchair":"","voucher_link":"","start_location_coordinates":"19.43121, -99.13247","start_location_name":"Z\u00f3calo\/Tenochtitlan","start_location_address":"Jos\u00e9 Mar\u00eda Pino Su\u00e1rez & Calle de Venustiano Carranza, 06060 Mexico","end_location_name":"Casa de los Azulejos","partner_object":null},"_links":{"self":[{"href":"https:\/\/explorial.com\/pt-pt\/wp-json\/wp\/v2\/product\/98247","targetHints":{"allow":["GET"]}}],"collection":[{"href":"https:\/\/explorial.com\/pt-pt\/wp-json\/wp\/v2\/product"}],"about":[{"href":"https:\/\/explorial.com\/pt-pt\/wp-json\/wp\/v2\/types\/product"}],"replies":[{"embeddable":true,"href":"https:\/\/explorial.com\/pt-pt\/wp-json\/wp\/v2\/comments?post=98247"}],"wp:featuredmedia":[{"embeddable":true,"href":"https:\/\/explorial.com\/pt-pt\/wp-json\/wp\/v2\/media\/98125"}],"wp:attachment":[{"href":"https:\/\/explorial.com\/pt-pt\/wp-json\/wp\/v2\/media?parent=98247"}],"wp:term":[{"taxonomy":"product_brand","embeddable":true,"href":"https:\/\/explorial.com\/pt-pt\/wp-json\/wp\/v2\/product_brand?post=98247"},{"taxonomy":"product_cat","embeddable":true,"href":"https:\/\/explorial.com\/pt-pt\/wp-json\/wp\/v2\/product_cat?post=98247"},{"taxonomy":"product_tag","embeddable":true,"href":"https:\/\/explorial.com\/pt-pt\/wp-json\/wp\/v2\/product_tag?post=98247"}],"curies":[{"name":"wp","href":"https:\/\/api.w.org\/{rel}","templated":true}]}}