{"id":97119,"date":"2023-06-26T13:14:08","date_gmt":"2023-06-26T13:14:08","guid":{"rendered":"https:\/\/explorial.com\/trails\/visita-a-cidade-lausana-2\/"},"modified":"2024-09-16T09:14:58","modified_gmt":"2024-09-16T09:14:58","slug":"visita-a-cidade-lausana-2","status":"publish","type":"product","link":"https:\/\/explorial.com\/pt-pt\/trails\/visita-a-cidade-lausana-2\/","title":{"rendered":"Lausana (Quartier d&#8217;Ouchy)"},"content":{"rendered":"","protected":false},"excerpt":{"rendered":"","protected":false},"featured_media":96997,"comment_status":"open","ping_status":"closed","template":"","meta":{"_acf_changed":false},"product_brand":[],"product_cat":[875,820],"product_tag":[879],"class_list":{"0":"post-97119","1":"product","2":"type-product","3":"status-publish","4":"has-post-thumbnail","6":"product_cat-lake-geneva-region-pt","7":"product_cat-switzerland-pt","8":"product_tag-lausanne-ch","10":"first","11":"instock","12":"sale","13":"taxable","14":"shipping-taxable","15":"purchasable","16":"product-type-variable"},"acf":{"city_name":"Lausana","city_name_display":"Lausana (Quartier d'Ouchy)","languages":"Franc\u00eas, Ingl\u00eas, Alem\u00e3o","duration":"cerca de 1.5 - 2 horas","description_1":"","description_2":"","city_description":"","short_description":"","notes":"","header_image":96991,"highlight_locations":"Boulevard Grancy, L'horloge olympique, Le feu olympique","additional_wheelchair":"","voucher_link":"","start_location_coordinates":"46.51498, 6.62489","start_location_name":"Le parc Milan","start_location_address":"Parc de MIlan \n1007 Lausanne\nSuisse","end_location_name":"Le feu olympique","partner_object":null},"_links":{"self":[{"href":"https:\/\/explorial.com\/pt-pt\/wp-json\/wp\/v2\/product\/97119","targetHints":{"allow":["GET"]}}],"collection":[{"href":"https:\/\/explorial.com\/pt-pt\/wp-json\/wp\/v2\/product"}],"about":[{"href":"https:\/\/explorial.com\/pt-pt\/wp-json\/wp\/v2\/types\/product"}],"replies":[{"embeddable":true,"href":"https:\/\/explorial.com\/pt-pt\/wp-json\/wp\/v2\/comments?post=97119"}],"wp:featuredmedia":[{"embeddable":true,"href":"https:\/\/explorial.com\/pt-pt\/wp-json\/wp\/v2\/media\/96997"}],"wp:attachment":[{"href":"https:\/\/explorial.com\/pt-pt\/wp-json\/wp\/v2\/media?parent=97119"}],"wp:term":[{"taxonomy":"product_brand","embeddable":true,"href":"https:\/\/explorial.com\/pt-pt\/wp-json\/wp\/v2\/product_brand?post=97119"},{"taxonomy":"product_cat","embeddable":true,"href":"https:\/\/explorial.com\/pt-pt\/wp-json\/wp\/v2\/product_cat?post=97119"},{"taxonomy":"product_tag","embeddable":true,"href":"https:\/\/explorial.com\/pt-pt\/wp-json\/wp\/v2\/product_tag?post=97119"}],"curies":[{"name":"wp","href":"https:\/\/api.w.org\/{rel}","templated":true}]}}