{"id":96027,"date":"2023-06-14T10:59:00","date_gmt":"2023-06-14T10:59:00","guid":{"rendered":"https:\/\/explorial.com\/trails\/visita-a-cidade-sintra-1\/"},"modified":"2024-09-17T13:29:06","modified_gmt":"2024-09-17T13:29:06","slug":"visita-a-cidade-sintra-1","status":"publish","type":"product","link":"https:\/\/explorial.com\/pt-pt\/trails\/visita-a-cidade-sintra-1\/","title":{"rendered":"Sintra"},"content":{"rendered":"","protected":false},"excerpt":{"rendered":"","protected":false},"featured_media":95905,"comment_status":"open","ping_status":"closed","template":"","meta":{"_acf_changed":false},"product_brand":[],"product_cat":[399,411],"product_tag":[1545],"class_list":{"0":"post-96027","1":"product","2":"type-product","3":"status-publish","4":"has-post-thumbnail","6":"product_cat-portugal-pt","7":"product_cat-lisbon-region-pt","8":"product_tag-sintra-pt","10":"first","11":"instock","12":"sale","13":"taxable","14":"shipping-taxable","15":"purchasable","16":"product-type-variable"},"acf":{"city_name":"Sintra","city_name_display":"Sintra","languages":"Portugu\u00eas, Ingl\u00eas","duration":"cerca de 1.5 - 2 horas","description_1":"","description_2":"","city_description":"Sintra parece ter sa\u00eddo de um conto de fadas. Ao passear pelas ruas \u00e9 imposs\u00edvel n\u00e3o ficar rendido \u00e0 sua beleza. Em cada canto h\u00e1 imponentes pal\u00e1cios de veraneio, parques e paisagens verdejantes, al\u00e9m de monumentos verdadeiramente encantadores. A vila de Sintra \u00e9 charmosa e claro que n\u00e3o dispensa uma visita!","short_description":"","notes":"","header_image":203121,"highlight_locations":"Pal\u00e1cio de Seteais, Chafariz Manuelino, Pal\u00e1cio e Quinta da Regaleira","additional_wheelchair":"","voucher_link":"","start_location_coordinates":"38.79885, -9.3876","start_location_name":"Espa\u00e7o Cidad\u00e3o de Sintra","start_location_address":"R. Dr. Alfredo da Costa 5, 2710-556 Sintra, Portugal","end_location_name":"Pal\u00e1cio de Seteais","partner_object":null},"_links":{"self":[{"href":"https:\/\/explorial.com\/pt-pt\/wp-json\/wp\/v2\/product\/96027","targetHints":{"allow":["GET"]}}],"collection":[{"href":"https:\/\/explorial.com\/pt-pt\/wp-json\/wp\/v2\/product"}],"about":[{"href":"https:\/\/explorial.com\/pt-pt\/wp-json\/wp\/v2\/types\/product"}],"replies":[{"embeddable":true,"href":"https:\/\/explorial.com\/pt-pt\/wp-json\/wp\/v2\/comments?post=96027"}],"wp:featuredmedia":[{"embeddable":true,"href":"https:\/\/explorial.com\/pt-pt\/wp-json\/wp\/v2\/media\/95905"}],"wp:attachment":[{"href":"https:\/\/explorial.com\/pt-pt\/wp-json\/wp\/v2\/media?parent=96027"}],"wp:term":[{"taxonomy":"product_brand","embeddable":true,"href":"https:\/\/explorial.com\/pt-pt\/wp-json\/wp\/v2\/product_brand?post=96027"},{"taxonomy":"product_cat","embeddable":true,"href":"https:\/\/explorial.com\/pt-pt\/wp-json\/wp\/v2\/product_cat?post=96027"},{"taxonomy":"product_tag","embeddable":true,"href":"https:\/\/explorial.com\/pt-pt\/wp-json\/wp\/v2\/product_tag?post=96027"}],"curies":[{"name":"wp","href":"https:\/\/api.w.org\/{rel}","templated":true}]}}