{"id":45385,"date":"2022-02-03T08:14:37","date_gmt":"2022-02-03T08:14:37","guid":{"rendered":"https:\/\/explorial.com\/trails\/visita-a-cidade-siao-1\/"},"modified":"2024-09-16T10:01:18","modified_gmt":"2024-09-16T10:01:18","slug":"visita-a-cidade-siao-1","status":"publish","type":"product","link":"https:\/\/explorial.com\/pt-pt\/trails\/visita-a-cidade-siao-1\/","title":{"rendered":"Si\u00e3o"},"content":{"rendered":"","protected":false},"excerpt":{"rendered":"","protected":false},"featured_media":45274,"comment_status":"open","ping_status":"closed","template":"","meta":{"_acf_changed":false},"product_brand":[],"product_cat":[875,820],"product_tag":[914],"class_list":{"0":"post-45385","1":"product","2":"type-product","3":"status-publish","4":"has-post-thumbnail","6":"product_cat-lake-geneva-region-pt","7":"product_cat-switzerland-pt","8":"product_tag-sion-ch","10":"first","11":"instock","12":"sale","13":"taxable","14":"shipping-taxable","15":"purchasable","16":"product-type-variable"},"acf":{"city_name":"Si\u00e3o","city_name_display":"Si\u00e3o","languages":"Alem\u00e3o, Franc\u00eas","duration":"cerca de 1.5 - 2 horas","description_1":"","description_2":"","city_description":"","short_description":"","notes":"","header_image":45239,"highlight_locations":"La cath\u00e9drale Notre-Dame du Glarier, La Grenette, La place du Midi","additional_wheelchair":"","voucher_link":"","start_location_coordinates":"46.23273, 7.35843","start_location_name":"La place de la Planta","start_location_address":"Pl. de la Planta 1-3, 1950 Sion","end_location_name":"La place du Midi","partner_object":null},"_links":{"self":[{"href":"https:\/\/explorial.com\/pt-pt\/wp-json\/wp\/v2\/product\/45385","targetHints":{"allow":["GET"]}}],"collection":[{"href":"https:\/\/explorial.com\/pt-pt\/wp-json\/wp\/v2\/product"}],"about":[{"href":"https:\/\/explorial.com\/pt-pt\/wp-json\/wp\/v2\/types\/product"}],"replies":[{"embeddable":true,"href":"https:\/\/explorial.com\/pt-pt\/wp-json\/wp\/v2\/comments?post=45385"}],"wp:featuredmedia":[{"embeddable":true,"href":"https:\/\/explorial.com\/pt-pt\/wp-json\/wp\/v2\/media\/45274"}],"wp:attachment":[{"href":"https:\/\/explorial.com\/pt-pt\/wp-json\/wp\/v2\/media?parent=45385"}],"wp:term":[{"taxonomy":"product_brand","embeddable":true,"href":"https:\/\/explorial.com\/pt-pt\/wp-json\/wp\/v2\/product_brand?post=45385"},{"taxonomy":"product_cat","embeddable":true,"href":"https:\/\/explorial.com\/pt-pt\/wp-json\/wp\/v2\/product_cat?post=45385"},{"taxonomy":"product_tag","embeddable":true,"href":"https:\/\/explorial.com\/pt-pt\/wp-json\/wp\/v2\/product_tag?post=45385"}],"curies":[{"name":"wp","href":"https:\/\/api.w.org\/{rel}","templated":true}]}}