{"id":44116,"date":"2022-08-26T08:06:15","date_gmt":"2022-08-26T08:06:15","guid":{"rendered":"https:\/\/explorial.com\/trails\/visita-a-cidade-montreux-1\/"},"modified":"2024-09-16T09:58:26","modified_gmt":"2024-09-16T09:58:26","slug":"visita-a-cidade-montreux-1","status":"publish","type":"product","link":"https:\/\/explorial.com\/pt-pt\/trails\/visita-a-cidade-montreux-1\/","title":{"rendered":"Montreux"},"content":{"rendered":"","protected":false},"excerpt":{"rendered":"","protected":false},"featured_media":44005,"comment_status":"open","ping_status":"closed","template":"","meta":{"_acf_changed":false},"product_brand":[],"product_cat":[875,820],"product_tag":[889],"class_list":{"0":"post-44116","1":"product","2":"type-product","3":"status-publish","4":"has-post-thumbnail","6":"product_cat-lake-geneva-region-pt","7":"product_cat-switzerland-pt","8":"product_tag-montreux-ch","10":"first","11":"instock","12":"sale","13":"taxable","14":"shipping-taxable","15":"purchasable","16":"product-type-variable"},"acf":{"city_name":"Montreux","city_name_display":"Montreux","languages":"Alem\u00e3o, Ingl\u00eas, Franc\u00eas","duration":"cerca de 1.5 - 2 horas","description_1":"","description_2":"","city_description":"","short_description":"","notes":"","header_image":43970,"highlight_locations":"Statue de Freddie Mercury, Place de l\u2019Eurovision, Jardin du Montreux Palace","additional_wheelchair":"","voucher_link":"","start_location_coordinates":"46.43394, 6.91604","start_location_name":"Vista de Montreux","start_location_address":"Rue du Pont 25\n1820 Montreux","end_location_name":"Jardin du Montreux Palace","partner_object":null},"_links":{"self":[{"href":"https:\/\/explorial.com\/pt-pt\/wp-json\/wp\/v2\/product\/44116","targetHints":{"allow":["GET"]}}],"collection":[{"href":"https:\/\/explorial.com\/pt-pt\/wp-json\/wp\/v2\/product"}],"about":[{"href":"https:\/\/explorial.com\/pt-pt\/wp-json\/wp\/v2\/types\/product"}],"replies":[{"embeddable":true,"href":"https:\/\/explorial.com\/pt-pt\/wp-json\/wp\/v2\/comments?post=44116"}],"wp:featuredmedia":[{"embeddable":true,"href":"https:\/\/explorial.com\/pt-pt\/wp-json\/wp\/v2\/media\/44005"}],"wp:attachment":[{"href":"https:\/\/explorial.com\/pt-pt\/wp-json\/wp\/v2\/media?parent=44116"}],"wp:term":[{"taxonomy":"product_brand","embeddable":true,"href":"https:\/\/explorial.com\/pt-pt\/wp-json\/wp\/v2\/product_brand?post=44116"},{"taxonomy":"product_cat","embeddable":true,"href":"https:\/\/explorial.com\/pt-pt\/wp-json\/wp\/v2\/product_cat?post=44116"},{"taxonomy":"product_tag","embeddable":true,"href":"https:\/\/explorial.com\/pt-pt\/wp-json\/wp\/v2\/product_tag?post=44116"}],"curies":[{"name":"wp","href":"https:\/\/api.w.org\/{rel}","templated":true}]}}