{"id":43861,"date":"2021-08-13T08:04:35","date_gmt":"2021-08-13T08:04:35","guid":{"rendered":"https:\/\/explorial.com\/trails\/visita-a-cidade-luzerna-1\/"},"modified":"2024-09-16T09:44:11","modified_gmt":"2024-09-16T09:44:11","slug":"visita-a-cidade-luzerna-1","status":"publish","type":"product","link":"https:\/\/explorial.com\/pt-pt\/trails\/visita-a-cidade-luzerna-1\/","title":{"rendered":"Luzerna"},"content":{"rendered":"","protected":false},"excerpt":{"rendered":"","protected":false},"featured_media":43750,"comment_status":"open","ping_status":"closed","template":"","meta":{"_acf_changed":false},"product_brand":[],"product_cat":[835,820],"product_tag":[884],"class_list":{"0":"post-43861","1":"product","2":"type-product","3":"status-publish","4":"has-post-thumbnail","6":"product_cat-central-and-northwestern-switzerland-pt","7":"product_cat-switzerland-pt","8":"product_tag-lucerne-ch","10":"first","11":"instock","12":"sale","13":"taxable","14":"shipping-taxable","15":"purchasable","16":"product-type-variable"},"acf":{"city_name":"Luzerna","city_name_display":"Luzerna","languages":"Ingl\u00eas, Alem\u00e3o, Espanhol, Italiano, Franc\u00eas","duration":"cerca de 1.5 - 2 horas","description_1":"","description_2":"","city_description":"","short_description":"","notes":"","header_image":43715,"highlight_locations":"Kapellbr\u00fccke, Fritschibrunnen, Hofkirche","additional_wheelchair":"","voucher_link":"","start_location_coordinates":"47.05073, 8.31021","start_location_name":"Esta\u00e7\u00e3o ferrovi\u00e1ria de Lucerna","start_location_address":"6003 Lucerna","end_location_name":"L\u00f6wendenkmal","partner_object":null},"_links":{"self":[{"href":"https:\/\/explorial.com\/pt-pt\/wp-json\/wp\/v2\/product\/43861","targetHints":{"allow":["GET"]}}],"collection":[{"href":"https:\/\/explorial.com\/pt-pt\/wp-json\/wp\/v2\/product"}],"about":[{"href":"https:\/\/explorial.com\/pt-pt\/wp-json\/wp\/v2\/types\/product"}],"replies":[{"embeddable":true,"href":"https:\/\/explorial.com\/pt-pt\/wp-json\/wp\/v2\/comments?post=43861"}],"wp:featuredmedia":[{"embeddable":true,"href":"https:\/\/explorial.com\/pt-pt\/wp-json\/wp\/v2\/media\/43750"}],"wp:attachment":[{"href":"https:\/\/explorial.com\/pt-pt\/wp-json\/wp\/v2\/media?parent=43861"}],"wp:term":[{"taxonomy":"product_brand","embeddable":true,"href":"https:\/\/explorial.com\/pt-pt\/wp-json\/wp\/v2\/product_brand?post=43861"},{"taxonomy":"product_cat","embeddable":true,"href":"https:\/\/explorial.com\/pt-pt\/wp-json\/wp\/v2\/product_cat?post=43861"},{"taxonomy":"product_tag","embeddable":true,"href":"https:\/\/explorial.com\/pt-pt\/wp-json\/wp\/v2\/product_tag?post=43861"}],"curies":[{"name":"wp","href":"https:\/\/api.w.org\/{rel}","templated":true}]}}