{"id":43556,"date":"2022-04-08T08:02:49","date_gmt":"2022-04-08T08:02:49","guid":{"rendered":"https:\/\/explorial.com\/trails\/visita-a-cidade-lausana-1\/"},"modified":"2024-09-16T09:12:08","modified_gmt":"2024-09-16T09:12:08","slug":"visita-a-cidade-lausana-1","status":"publish","type":"product","link":"https:\/\/explorial.com\/pt-pt\/trails\/visita-a-cidade-lausana-1\/","title":{"rendered":"Lausana (Centre ville)"},"content":{"rendered":"","protected":false},"excerpt":{"rendered":"","protected":false},"featured_media":43445,"comment_status":"open","ping_status":"closed","template":"","meta":{"_acf_changed":false},"product_brand":[],"product_cat":[820,875],"product_tag":[879],"class_list":{"0":"post-43556","1":"product","2":"type-product","3":"status-publish","4":"has-post-thumbnail","6":"product_cat-switzerland-pt","7":"product_cat-lake-geneva-region-pt","8":"product_tag-lausanne-ch","10":"first","11":"instock","12":"sale","13":"taxable","14":"shipping-taxable","15":"purchasable","16":"product-type-variable"},"acf":{"city_name":"Lausana","city_name_display":"Lausana (Centre ville)","languages":"Franc\u00eas, Ingl\u00eas, Alem\u00e3o","duration":"cerca de 1.5 - 2 horas","description_1":"","description_2":"","city_description":"","short_description":"","notes":"","header_image":158967,"highlight_locations":"Place de la cath\u00e9drale, La tour Bel Air, Esplanade de Montbenon","additional_wheelchair":"","voucher_link":"","start_location_coordinates":"46.5245473, 6.6354096","start_location_name":"A pra\u00e7a do castelo","start_location_address":"1005 Lausanne","end_location_name":"Esplanade de Montbenon","partner_object":null},"_links":{"self":[{"href":"https:\/\/explorial.com\/pt-pt\/wp-json\/wp\/v2\/product\/43556","targetHints":{"allow":["GET"]}}],"collection":[{"href":"https:\/\/explorial.com\/pt-pt\/wp-json\/wp\/v2\/product"}],"about":[{"href":"https:\/\/explorial.com\/pt-pt\/wp-json\/wp\/v2\/types\/product"}],"replies":[{"embeddable":true,"href":"https:\/\/explorial.com\/pt-pt\/wp-json\/wp\/v2\/comments?post=43556"}],"wp:featuredmedia":[{"embeddable":true,"href":"https:\/\/explorial.com\/pt-pt\/wp-json\/wp\/v2\/media\/43445"}],"wp:attachment":[{"href":"https:\/\/explorial.com\/pt-pt\/wp-json\/wp\/v2\/media?parent=43556"}],"wp:term":[{"taxonomy":"product_brand","embeddable":true,"href":"https:\/\/explorial.com\/pt-pt\/wp-json\/wp\/v2\/product_brand?post=43556"},{"taxonomy":"product_cat","embeddable":true,"href":"https:\/\/explorial.com\/pt-pt\/wp-json\/wp\/v2\/product_cat?post=43556"},{"taxonomy":"product_tag","embeddable":true,"href":"https:\/\/explorial.com\/pt-pt\/wp-json\/wp\/v2\/product_tag?post=43556"}],"curies":[{"name":"wp","href":"https:\/\/api.w.org\/{rel}","templated":true}]}}