{"id":43351,"date":"2022-10-22T08:00:59","date_gmt":"2022-10-22T08:00:59","guid":{"rendered":"https:\/\/explorial.com\/trails\/visita-a-cidade-friburgo-1\/"},"modified":"2024-09-16T08:56:06","modified_gmt":"2024-09-16T08:56:06","slug":"visita-a-cidade-friburgo-1","status":"publish","type":"product","link":"https:\/\/explorial.com\/pt-pt\/trails\/visita-a-cidade-friburgo-1\/","title":{"rendered":"Friburgo"},"content":{"rendered":"","protected":false},"excerpt":{"rendered":"","protected":false},"featured_media":261887,"comment_status":"open","ping_status":"closed","template":"","meta":{"_acf_changed":false},"product_brand":[],"product_cat":[875,820],"product_tag":[869],"class_list":{"0":"post-43351","1":"product","2":"type-product","3":"status-publish","4":"has-post-thumbnail","6":"product_cat-lake-geneva-region-pt","7":"product_cat-switzerland-pt","8":"product_tag-fribourg-ch","10":"first","11":"instock","12":"sale","13":"taxable","14":"shipping-taxable","15":"purchasable","16":"product-type-variable"},"acf":{"city_name":"Friburgo","city_name_display":"Friburgo","languages":"Alem\u00e3o, Ingl\u00eas, Franc\u00eas","duration":"cerca de 1.5 - 2 horas","description_1":"","description_2":"","city_description":"","short_description":"","notes":"","header_image":261881,"highlight_locations":"Fontaine de Samson, Cath\u00e9drale Saint-Nicolas, Pont de Berne","additional_wheelchair":"","voucher_link":"","start_location_coordinates":"46.80237, 7.15407","start_location_name":"Fonte de Joe Siffert","start_location_address":"All. des Grand-Places 1, 1700 Fribourg","end_location_name":"Station de funiculaire","partner_object":null},"_links":{"self":[{"href":"https:\/\/explorial.com\/pt-pt\/wp-json\/wp\/v2\/product\/43351","targetHints":{"allow":["GET"]}}],"collection":[{"href":"https:\/\/explorial.com\/pt-pt\/wp-json\/wp\/v2\/product"}],"about":[{"href":"https:\/\/explorial.com\/pt-pt\/wp-json\/wp\/v2\/types\/product"}],"replies":[{"embeddable":true,"href":"https:\/\/explorial.com\/pt-pt\/wp-json\/wp\/v2\/comments?post=43351"}],"wp:featuredmedia":[{"embeddable":true,"href":"https:\/\/explorial.com\/pt-pt\/wp-json\/wp\/v2\/media\/261887"}],"wp:attachment":[{"href":"https:\/\/explorial.com\/pt-pt\/wp-json\/wp\/v2\/media?parent=43351"}],"wp:term":[{"taxonomy":"product_brand","embeddable":true,"href":"https:\/\/explorial.com\/pt-pt\/wp-json\/wp\/v2\/product_brand?post=43351"},{"taxonomy":"product_cat","embeddable":true,"href":"https:\/\/explorial.com\/pt-pt\/wp-json\/wp\/v2\/product_cat?post=43351"},{"taxonomy":"product_tag","embeddable":true,"href":"https:\/\/explorial.com\/pt-pt\/wp-json\/wp\/v2\/product_tag?post=43351"}],"curies":[{"name":"wp","href":"https:\/\/api.w.org\/{rel}","templated":true}]}}