{"id":41998,"date":"2021-04-13T07:51:17","date_gmt":"2021-04-13T07:51:17","guid":{"rendered":"https:\/\/explorial.com\/product\/visita-a-cidade-aarau-1\/"},"modified":"2024-09-16T10:13:28","modified_gmt":"2024-09-16T10:13:28","slug":"visita-a-cidade-aarau-1","status":"publish","type":"product","link":"https:\/\/explorial.com\/pt-pt\/trails\/visita-a-cidade-aarau-1\/","title":{"rendered":"Aarau"},"content":{"rendered":"","protected":false},"excerpt":{"rendered":"","protected":false},"featured_media":41887,"comment_status":"open","ping_status":"closed","template":"","meta":{"_acf_changed":false},"product_brand":[],"product_cat":[835,820],"product_tag":[829],"class_list":{"0":"post-41998","1":"product","2":"type-product","3":"status-publish","4":"has-post-thumbnail","6":"product_cat-central-and-northwestern-switzerland-pt","7":"product_cat-switzerland-pt","8":"product_tag-aarau-ch","10":"first","11":"instock","12":"sale","13":"taxable","14":"shipping-taxable","15":"purchasable","16":"product-type-variable"},"acf":{"city_name":"Aarau","city_name_display":"Aarau","languages":"Alem\u00e3o, Ingl\u00eas, Franc\u00eas","duration":"cerca de 1.5 - 2 horas","description_1":"","description_2":"","city_description":"","short_description":"","notes":"","header_image":86261,"highlight_locations":"Obertorturm, Alte Kantonsschule, Alte M\u00fchle","additional_wheelchair":"","voucher_link":"","start_location_coordinates":"47.3932, 8.04442","start_location_name":"Aarau Info (Gabinete do Turista)","start_location_address":"Metzgergasse 2\n5000 Aarau","end_location_name":"Alte M\u00fchle","partner_object":41798},"_links":{"self":[{"href":"https:\/\/explorial.com\/pt-pt\/wp-json\/wp\/v2\/product\/41998","targetHints":{"allow":["GET"]}}],"collection":[{"href":"https:\/\/explorial.com\/pt-pt\/wp-json\/wp\/v2\/product"}],"about":[{"href":"https:\/\/explorial.com\/pt-pt\/wp-json\/wp\/v2\/types\/product"}],"replies":[{"embeddable":true,"href":"https:\/\/explorial.com\/pt-pt\/wp-json\/wp\/v2\/comments?post=41998"}],"acf:post":[{"embeddable":true,"href":"https:\/\/explorial.com\/pt-pt\/wp-json\/wp\/v2\/partner\/41798"}],"wp:featuredmedia":[{"embeddable":true,"href":"https:\/\/explorial.com\/pt-pt\/wp-json\/wp\/v2\/media\/41887"}],"wp:attachment":[{"href":"https:\/\/explorial.com\/pt-pt\/wp-json\/wp\/v2\/media?parent=41998"}],"wp:term":[{"taxonomy":"product_brand","embeddable":true,"href":"https:\/\/explorial.com\/pt-pt\/wp-json\/wp\/v2\/product_brand?post=41998"},{"taxonomy":"product_cat","embeddable":true,"href":"https:\/\/explorial.com\/pt-pt\/wp-json\/wp\/v2\/product_cat?post=41998"},{"taxonomy":"product_tag","embeddable":true,"href":"https:\/\/explorial.com\/pt-pt\/wp-json\/wp\/v2\/product_tag?post=41998"}],"curies":[{"name":"wp","href":"https:\/\/api.w.org\/{rel}","templated":true}]}}