{"id":297710,"date":"2025-01-27T15:48:51","date_gmt":"2025-01-27T15:48:51","guid":{"rendered":"https:\/\/explorial.com\/trails\/visita-a-cidade-logronho-1\/"},"modified":"2025-01-27T16:23:46","modified_gmt":"2025-01-27T16:23:46","slug":"visita-a-cidade-logronho-1","status":"publish","type":"product","link":"https:\/\/explorial.com\/pt-pt\/trails\/visita-a-cidade-logronho-1\/","title":{"rendered":"Logronho"},"content":{"rendered":"","protected":false},"excerpt":{"rendered":"","protected":false},"featured_media":299410,"comment_status":"open","ping_status":"closed","template":"","meta":{"_acf_changed":false},"product_brand":[],"product_cat":[3844,483],"product_tag":[3838],"class_list":{"0":"post-297710","1":"product","2":"type-product","3":"status-publish","4":"has-post-thumbnail","6":"product_cat-la-rioja-pt","7":"product_cat-spain-pt","8":"product_tag-logrono-pt","10":"first","11":"instock","12":"sale","13":"taxable","14":"shipping-taxable","15":"purchasable","16":"product-type-variable"},"acf":{"city_name":"Logronho","city_name_display":"Logronho","languages":"Espanhol, Ingl\u00eas","duration":"cerca de 1.5 - 2 horas","description_1":"","description_2":"","city_description":"","short_description":"","notes":"","header_image":299404,"highlight_locations":"Iglesia de San Bartolom\u00e9, Concatedral de Logro\u00f1o, Murallas del Revell\u00edn","additional_wheelchair":"","voucher_link":"","start_location_coordinates":"42.46462, -2.44486","start_location_name":"Concha del Espol\u00f3n","start_location_address":"Paseo del Espol\u00f3n, 26001 Logro\u00f1o, La Rioja","end_location_name":"Calle Mercaderes","partner_object":null},"_links":{"self":[{"href":"https:\/\/explorial.com\/pt-pt\/wp-json\/wp\/v2\/product\/297710","targetHints":{"allow":["GET"]}}],"collection":[{"href":"https:\/\/explorial.com\/pt-pt\/wp-json\/wp\/v2\/product"}],"about":[{"href":"https:\/\/explorial.com\/pt-pt\/wp-json\/wp\/v2\/types\/product"}],"replies":[{"embeddable":true,"href":"https:\/\/explorial.com\/pt-pt\/wp-json\/wp\/v2\/comments?post=297710"}],"wp:featuredmedia":[{"embeddable":true,"href":"https:\/\/explorial.com\/pt-pt\/wp-json\/wp\/v2\/media\/299410"}],"wp:attachment":[{"href":"https:\/\/explorial.com\/pt-pt\/wp-json\/wp\/v2\/media?parent=297710"}],"wp:term":[{"taxonomy":"product_brand","embeddable":true,"href":"https:\/\/explorial.com\/pt-pt\/wp-json\/wp\/v2\/product_brand?post=297710"},{"taxonomy":"product_cat","embeddable":true,"href":"https:\/\/explorial.com\/pt-pt\/wp-json\/wp\/v2\/product_cat?post=297710"},{"taxonomy":"product_tag","embeddable":true,"href":"https:\/\/explorial.com\/pt-pt\/wp-json\/wp\/v2\/product_tag?post=297710"}],"curies":[{"name":"wp","href":"https:\/\/api.w.org\/{rel}","templated":true}]}}