{"id":29604,"date":"2022-08-17T15:13:55","date_gmt":"2022-08-17T15:13:55","guid":{"rendered":"https:\/\/explorial.com\/trails\/visita-a-cidade-constanca-1\/"},"modified":"2024-09-16T11:37:25","modified_gmt":"2024-09-16T11:37:25","slug":"visita-a-cidade-constanca-1","status":"publish","type":"product","link":"https:\/\/explorial.com\/pt-pt\/trails\/visita-a-cidade-constanca-1\/","title":{"rendered":"Constan\u00e7a"},"content":{"rendered":"","protected":false},"excerpt":{"rendered":"","protected":false},"featured_media":29550,"comment_status":"open","ping_status":"closed","template":"","meta":{"_acf_changed":false},"product_brand":[],"product_cat":[553,573],"product_tag":[576],"class_list":{"0":"post-29604","1":"product","2":"type-product","3":"status-publish","4":"has-post-thumbnail","6":"product_cat-germany-pt","7":"product_cat-baden-wurttemberg-pt","8":"product_tag-konstanz","10":"first","11":"instock","12":"sale","13":"taxable","14":"shipping-taxable","15":"purchasable","16":"product-type-variable"},"acf":{"city_name":"Constan\u00e7a","city_name_display":"Constan\u00e7a","languages":"Alem\u00e3o, Ingl\u00eas","duration":"cerca de 1.5 - 2 horas","description_1":"","description_2":"","city_description":"","short_description":"","notes":"","header_image":29518,"highlight_locations":"Kaiserbrunnen, Haus zum Hohen Hafen, M\u00fcnsterplatz","additional_wheelchair":"","voucher_link":"","start_location_coordinates":"47.65919, 9.17719","start_location_name":"Esta\u00e7\u00e3o ferrovi\u00e1ria","start_location_address":"78462 Konstanz","end_location_name":"Stadtpark","partner_object":null},"_links":{"self":[{"href":"https:\/\/explorial.com\/pt-pt\/wp-json\/wp\/v2\/product\/29604","targetHints":{"allow":["GET"]}}],"collection":[{"href":"https:\/\/explorial.com\/pt-pt\/wp-json\/wp\/v2\/product"}],"about":[{"href":"https:\/\/explorial.com\/pt-pt\/wp-json\/wp\/v2\/types\/product"}],"replies":[{"embeddable":true,"href":"https:\/\/explorial.com\/pt-pt\/wp-json\/wp\/v2\/comments?post=29604"}],"wp:featuredmedia":[{"embeddable":true,"href":"https:\/\/explorial.com\/pt-pt\/wp-json\/wp\/v2\/media\/29550"}],"wp:attachment":[{"href":"https:\/\/explorial.com\/pt-pt\/wp-json\/wp\/v2\/media?parent=29604"}],"wp:term":[{"taxonomy":"product_brand","embeddable":true,"href":"https:\/\/explorial.com\/pt-pt\/wp-json\/wp\/v2\/product_brand?post=29604"},{"taxonomy":"product_cat","embeddable":true,"href":"https:\/\/explorial.com\/pt-pt\/wp-json\/wp\/v2\/product_cat?post=29604"},{"taxonomy":"product_tag","embeddable":true,"href":"https:\/\/explorial.com\/pt-pt\/wp-json\/wp\/v2\/product_tag?post=29604"}],"curies":[{"name":"wp","href":"https:\/\/api.w.org\/{rel}","templated":true}]}}