{"id":295523,"date":"2025-01-21T11:57:26","date_gmt":"2025-01-21T11:57:26","guid":{"rendered":"https:\/\/explorial.com\/trails\/visita-a-cidade-antuerpia-1\/"},"modified":"2025-01-21T12:22:17","modified_gmt":"2025-01-21T12:22:17","slug":"visita-a-cidade-antuerpia-1","status":"publish","type":"product","link":"https:\/\/explorial.com\/pt-pt\/trails\/visita-a-cidade-antuerpia-1\/","title":{"rendered":"Antu\u00e9rpia"},"content":{"rendered":"","protected":false},"excerpt":{"rendered":"","protected":false},"featured_media":296151,"comment_status":"open","ping_status":"closed","template":"","meta":{"_acf_changed":false},"product_brand":[],"product_cat":[3274,3802],"product_tag":[3796],"class_list":{"0":"post-295523","1":"product","2":"type-product","3":"status-publish","4":"has-post-thumbnail","6":"product_cat-belgium-pt","7":"product_cat-flanders-pt","8":"product_tag-antwerp-pt","10":"first","11":"instock","12":"sale","13":"taxable","14":"shipping-taxable","15":"purchasable","16":"product-type-variable"},"acf":{"city_name":"Antu\u00e9rpia","city_name_display":"Antu\u00e9rpia","languages":"Ingl\u00eas, Franc\u00eas","duration":"cerca de 1.5 - 2 horas","description_1":"","description_2":"","city_description":"","short_description":"","notes":"","header_image":296145,"highlight_locations":"Het Steen, Stoelstraat 11, Onze-Lieve-Vrouwekathedraal","additional_wheelchair":"","voucher_link":"","start_location_coordinates":"51.22236, 4.39745","start_location_name":"Lange Wapper Statue","start_location_address":"Steenplein 1, 2000 Antwerp, Belgium","end_location_name":"Rubenshuis","partner_object":null},"_links":{"self":[{"href":"https:\/\/explorial.com\/pt-pt\/wp-json\/wp\/v2\/product\/295523","targetHints":{"allow":["GET"]}}],"collection":[{"href":"https:\/\/explorial.com\/pt-pt\/wp-json\/wp\/v2\/product"}],"about":[{"href":"https:\/\/explorial.com\/pt-pt\/wp-json\/wp\/v2\/types\/product"}],"replies":[{"embeddable":true,"href":"https:\/\/explorial.com\/pt-pt\/wp-json\/wp\/v2\/comments?post=295523"}],"wp:featuredmedia":[{"embeddable":true,"href":"https:\/\/explorial.com\/pt-pt\/wp-json\/wp\/v2\/media\/296151"}],"wp:attachment":[{"href":"https:\/\/explorial.com\/pt-pt\/wp-json\/wp\/v2\/media?parent=295523"}],"wp:term":[{"taxonomy":"product_brand","embeddable":true,"href":"https:\/\/explorial.com\/pt-pt\/wp-json\/wp\/v2\/product_brand?post=295523"},{"taxonomy":"product_cat","embeddable":true,"href":"https:\/\/explorial.com\/pt-pt\/wp-json\/wp\/v2\/product_cat?post=295523"},{"taxonomy":"product_tag","embeddable":true,"href":"https:\/\/explorial.com\/pt-pt\/wp-json\/wp\/v2\/product_tag?post=295523"}],"curies":[{"name":"wp","href":"https:\/\/api.w.org\/{rel}","templated":true}]}}