{"id":293935,"date":"2024-12-23T12:40:39","date_gmt":"2024-12-23T12:40:39","guid":{"rendered":"https:\/\/explorial.com\/trails\/visita-a-cidade-lubeck-1\/"},"modified":"2024-12-23T12:47:19","modified_gmt":"2024-12-23T12:47:19","slug":"visita-a-cidade-lubeck-1","status":"publish","type":"product","link":"https:\/\/explorial.com\/pt-pt\/trails\/visita-a-cidade-lubeck-1\/","title":{"rendered":"L\u00fcbeck"},"content":{"rendered":"","protected":false},"excerpt":{"rendered":"","protected":false},"featured_media":294196,"comment_status":"open","ping_status":"closed","template":"","meta":{"_acf_changed":false},"product_brand":[],"product_cat":[553,3447],"product_tag":[3763],"class_list":{"0":"post-293935","1":"product","2":"type-product","3":"status-publish","4":"has-post-thumbnail","6":"product_cat-germany-pt","7":"product_cat-schleswig-holstein-pt","8":"product_tag-lubeck-pt","10":"first","11":"instock","12":"sale","13":"taxable","14":"shipping-taxable","15":"purchasable","16":"product-type-variable"},"acf":{"city_name":"L\u00fcbeck","city_name_display":"L\u00fcbeck","languages":"Alem\u00e3o","duration":"cerca de 1.5 - 2 horas","description_1":"","description_2":"","city_description":"","short_description":"","notes":"","header_image":294190,"highlight_locations":"Holstentor, Rathaus, Stintmarkt","additional_wheelchair":"","voucher_link":"","start_location_coordinates":"53.86623, 10.67755","start_location_name":"L\u00fcbecker L\u00f6we","start_location_address":"Burgtorbr\u00fccke, 23568 L\u00fcbeck, Deutschland","end_location_name":"Hafen","partner_object":null},"_links":{"self":[{"href":"https:\/\/explorial.com\/pt-pt\/wp-json\/wp\/v2\/product\/293935","targetHints":{"allow":["GET"]}}],"collection":[{"href":"https:\/\/explorial.com\/pt-pt\/wp-json\/wp\/v2\/product"}],"about":[{"href":"https:\/\/explorial.com\/pt-pt\/wp-json\/wp\/v2\/types\/product"}],"replies":[{"embeddable":true,"href":"https:\/\/explorial.com\/pt-pt\/wp-json\/wp\/v2\/comments?post=293935"}],"wp:featuredmedia":[{"embeddable":true,"href":"https:\/\/explorial.com\/pt-pt\/wp-json\/wp\/v2\/media\/294196"}],"wp:attachment":[{"href":"https:\/\/explorial.com\/pt-pt\/wp-json\/wp\/v2\/media?parent=293935"}],"wp:term":[{"taxonomy":"product_brand","embeddable":true,"href":"https:\/\/explorial.com\/pt-pt\/wp-json\/wp\/v2\/product_brand?post=293935"},{"taxonomy":"product_cat","embeddable":true,"href":"https:\/\/explorial.com\/pt-pt\/wp-json\/wp\/v2\/product_cat?post=293935"},{"taxonomy":"product_tag","embeddable":true,"href":"https:\/\/explorial.com\/pt-pt\/wp-json\/wp\/v2\/product_tag?post=293935"}],"curies":[{"name":"wp","href":"https:\/\/api.w.org\/{rel}","templated":true}]}}