{"id":29196,"date":"2022-06-15T15:10:50","date_gmt":"2022-06-15T15:10:50","guid":{"rendered":"https:\/\/explorial.com\/trails\/visita-a-cidade-dusseldorf-1\/"},"modified":"2024-09-16T11:22:53","modified_gmt":"2024-09-16T11:22:53","slug":"visita-a-cidade-dusseldorf-1","status":"publish","type":"product","link":"https:\/\/explorial.com\/pt-pt\/trails\/visita-a-cidade-dusseldorf-1\/","title":{"rendered":"D\u00fcsseldorf"},"content":{"rendered":"","protected":false},"excerpt":{"rendered":"","protected":false},"featured_media":29142,"comment_status":"open","ping_status":"closed","template":"","meta":{"_acf_changed":false},"product_brand":[],"product_cat":[553,557],"product_tag":[565],"class_list":{"0":"post-29196","1":"product","2":"type-product","3":"status-publish","4":"has-post-thumbnail","6":"product_cat-germany-pt","7":"product_cat-north-rhine-westphalia-pt","8":"product_tag-dusseldorf-pt","10":"first","11":"instock","12":"sale","13":"taxable","14":"shipping-taxable","15":"purchasable","16":"product-type-variable"},"acf":{"city_name":"D\u00fcsseldorf","city_name_display":"D\u00fcsseldorf","languages":"Ingl\u00eas, Alem\u00e3o","duration":"cerca de 1.5 - 2 horas","description_1":"","description_2":"","city_description":"","short_description":"","notes":"","header_image":241629,"highlight_locations":"Kuhna-Mauer, Basilika St Lambertus, Tritonenbrunnen","additional_wheelchair":"","voucher_link":"","start_location_coordinates":"51.22374, 6.77215","start_location_name":"Zum Schiffchen","start_location_address":"Hafenstra\u00dfe 5, 40213 D\u00fcsseldorf","end_location_name":"Die Auseinandersetzung","partner_object":null},"_links":{"self":[{"href":"https:\/\/explorial.com\/pt-pt\/wp-json\/wp\/v2\/product\/29196","targetHints":{"allow":["GET"]}}],"collection":[{"href":"https:\/\/explorial.com\/pt-pt\/wp-json\/wp\/v2\/product"}],"about":[{"href":"https:\/\/explorial.com\/pt-pt\/wp-json\/wp\/v2\/types\/product"}],"replies":[{"embeddable":true,"href":"https:\/\/explorial.com\/pt-pt\/wp-json\/wp\/v2\/comments?post=29196"}],"wp:featuredmedia":[{"embeddable":true,"href":"https:\/\/explorial.com\/pt-pt\/wp-json\/wp\/v2\/media\/29142"}],"wp:attachment":[{"href":"https:\/\/explorial.com\/pt-pt\/wp-json\/wp\/v2\/media?parent=29196"}],"wp:term":[{"taxonomy":"product_brand","embeddable":true,"href":"https:\/\/explorial.com\/pt-pt\/wp-json\/wp\/v2\/product_brand?post=29196"},{"taxonomy":"product_cat","embeddable":true,"href":"https:\/\/explorial.com\/pt-pt\/wp-json\/wp\/v2\/product_cat?post=29196"},{"taxonomy":"product_tag","embeddable":true,"href":"https:\/\/explorial.com\/pt-pt\/wp-json\/wp\/v2\/product_tag?post=29196"}],"curies":[{"name":"wp","href":"https:\/\/api.w.org\/{rel}","templated":true}]}}