{"id":28353,"date":"2022-04-18T13:45:33","date_gmt":"2022-04-18T13:45:33","guid":{"rendered":"https:\/\/explorial.com\/trails\/visita-a-cidade-cordova-1\/"},"modified":"2024-09-17T08:01:33","modified_gmt":"2024-09-17T08:01:33","slug":"visita-a-cidade-cordova-1","status":"publish","type":"product","link":"https:\/\/explorial.com\/pt-pt\/trails\/visita-a-cidade-cordova-1\/","title":{"rendered":"C\u00f3rdova"},"content":{"rendered":"","protected":false},"excerpt":{"rendered":"","protected":false},"featured_media":35207,"comment_status":"open","ping_status":"closed","template":"","meta":{"_acf_changed":false},"product_brand":[],"product_cat":[485,483],"product_tag":[429],"class_list":{"0":"post-28353","1":"product","2":"type-product","3":"status-publish","4":"has-post-thumbnail","6":"product_cat-andalusia-pt","7":"product_cat-spain-pt","8":"product_tag-cordoba","10":"first","11":"instock","12":"sale","13":"taxable","14":"shipping-taxable","15":"purchasable","16":"product-type-variable"},"acf":{"city_name":"C\u00f3rdova","city_name_display":"C\u00f3rdova","languages":"Ingl\u00eas, Espanhol, Franc\u00eas, Alem\u00e3o","duration":"cerca de 1.5 - 2 horas","description_1":"","description_2":"","city_description":"","short_description":"","notes":"","header_image":28267,"highlight_locations":"La Mezquita-Catedral, Alc\u00e1zar de los Reyes Cristianos, Puerta del Puente","additional_wheelchair":"","voucher_link":"","start_location_coordinates":"37.87795, -4.77964","start_location_name":"Triunfo de San Rafael de la Puerta del Puente","start_location_address":"Plaza del Triunfo, 14003 Espanha","end_location_name":"Museo de Bellas Artes","partner_object":null},"_links":{"self":[{"href":"https:\/\/explorial.com\/pt-pt\/wp-json\/wp\/v2\/product\/28353","targetHints":{"allow":["GET"]}}],"collection":[{"href":"https:\/\/explorial.com\/pt-pt\/wp-json\/wp\/v2\/product"}],"about":[{"href":"https:\/\/explorial.com\/pt-pt\/wp-json\/wp\/v2\/types\/product"}],"replies":[{"embeddable":true,"href":"https:\/\/explorial.com\/pt-pt\/wp-json\/wp\/v2\/comments?post=28353"}],"wp:featuredmedia":[{"embeddable":true,"href":"https:\/\/explorial.com\/pt-pt\/wp-json\/wp\/v2\/media\/35207"}],"wp:attachment":[{"href":"https:\/\/explorial.com\/pt-pt\/wp-json\/wp\/v2\/media?parent=28353"}],"wp:term":[{"taxonomy":"product_brand","embeddable":true,"href":"https:\/\/explorial.com\/pt-pt\/wp-json\/wp\/v2\/product_brand?post=28353"},{"taxonomy":"product_cat","embeddable":true,"href":"https:\/\/explorial.com\/pt-pt\/wp-json\/wp\/v2\/product_cat?post=28353"},{"taxonomy":"product_tag","embeddable":true,"href":"https:\/\/explorial.com\/pt-pt\/wp-json\/wp\/v2\/product_tag?post=28353"}],"curies":[{"name":"wp","href":"https:\/\/api.w.org\/{rel}","templated":true}]}}