{"id":27945,"date":"2022-04-18T13:42:30","date_gmt":"2022-04-18T13:42:30","guid":{"rendered":"https:\/\/explorial.com\/trails\/visita-a-cidade-saragoca-1\/"},"modified":"2024-09-17T07:25:03","modified_gmt":"2024-09-17T07:25:03","slug":"visita-a-cidade-saragoca-1","status":"publish","type":"product","link":"https:\/\/explorial.com\/pt-pt\/trails\/visita-a-cidade-saragoca-1\/","title":{"rendered":"Sarago\u00e7a"},"content":{"rendered":"","protected":false},"excerpt":{"rendered":"","protected":false},"featured_media":50247,"comment_status":"open","ping_status":"closed","template":"","meta":{"_acf_changed":false},"product_brand":[],"product_cat":[542,483],"product_tag":[435],"class_list":{"0":"post-27945","1":"product","2":"type-product","3":"status-publish","4":"has-post-thumbnail","6":"product_cat-aragon-pt","7":"product_cat-spain-pt","8":"product_tag-zaragoza","10":"first","11":"instock","12":"sale","13":"taxable","14":"shipping-taxable","15":"purchasable","16":"product-type-variable"},"acf":{"city_name":"Sarago\u00e7a","city_name_display":"Sarago\u00e7a","languages":"Ingl\u00eas, Espanhol, Franc\u00eas, Alem\u00e3o","duration":"cerca de 1.5 - 2 horas","description_1":"","description_2":"","city_description":"","short_description":"","notes":"","header_image":155238,"highlight_locations":"Bas\u00edlica del Pilar, Plaza del Justicia, Catedral del Salvador de Zaragoza","additional_wheelchair":"","voucher_link":"","start_location_coordinates":"41.65411, -0.88116","start_location_name":"Pastor com \u00c1guia","start_location_address":"Plaza de Sas Santiago, 50003, Espanha","end_location_name":"Catedral del Salvador de Zaragoza","partner_object":null},"_links":{"self":[{"href":"https:\/\/explorial.com\/pt-pt\/wp-json\/wp\/v2\/product\/27945","targetHints":{"allow":["GET"]}}],"collection":[{"href":"https:\/\/explorial.com\/pt-pt\/wp-json\/wp\/v2\/product"}],"about":[{"href":"https:\/\/explorial.com\/pt-pt\/wp-json\/wp\/v2\/types\/product"}],"replies":[{"embeddable":true,"href":"https:\/\/explorial.com\/pt-pt\/wp-json\/wp\/v2\/comments?post=27945"}],"wp:featuredmedia":[{"embeddable":true,"href":"https:\/\/explorial.com\/pt-pt\/wp-json\/wp\/v2\/media\/50247"}],"wp:attachment":[{"href":"https:\/\/explorial.com\/pt-pt\/wp-json\/wp\/v2\/media?parent=27945"}],"wp:term":[{"taxonomy":"product_brand","embeddable":true,"href":"https:\/\/explorial.com\/pt-pt\/wp-json\/wp\/v2\/product_brand?post=27945"},{"taxonomy":"product_cat","embeddable":true,"href":"https:\/\/explorial.com\/pt-pt\/wp-json\/wp\/v2\/product_cat?post=27945"},{"taxonomy":"product_tag","embeddable":true,"href":"https:\/\/explorial.com\/pt-pt\/wp-json\/wp\/v2\/product_tag?post=27945"}],"curies":[{"name":"wp","href":"https:\/\/api.w.org\/{rel}","templated":true}]}}