{"id":27741,"date":"2022-10-10T13:41:01","date_gmt":"2022-10-10T13:41:01","guid":{"rendered":"https:\/\/explorial.com\/trails\/visita-a-cidade-tarragona-1\/"},"modified":"2024-09-17T07:40:25","modified_gmt":"2024-09-17T07:40:25","slug":"visita-a-cidade-tarragona-1","status":"publish","type":"product","link":"https:\/\/explorial.com\/pt-pt\/trails\/visita-a-cidade-tarragona-1\/","title":{"rendered":"Tarragona"},"content":{"rendered":"","protected":false},"excerpt":{"rendered":"","protected":false},"featured_media":35499,"comment_status":"open","ping_status":"closed","template":"","meta":{"_acf_changed":false},"product_brand":[],"product_cat":[532,483],"product_tag":[433],"class_list":{"0":"post-27741","1":"product","2":"type-product","3":"status-publish","4":"has-post-thumbnail","6":"product_cat-catalonia-pt","7":"product_cat-spain-pt","8":"product_tag-tarragona","10":"first","11":"instock","12":"sale","13":"taxable","14":"shipping-taxable","15":"purchasable","16":"product-type-variable"},"acf":{"city_name":"Tarragona","city_name_display":"Tarragona","languages":"Espanhol, Ingl\u00eas, Franc\u00eas, Alem\u00e3o","duration":"cerca de 1.5 - 2 horas","description_1":"","description_2":"","city_description":"","short_description":"","notes":"","header_image":27655,"highlight_locations":"Pla\u00e7a dels Sedassos, Catedral de Tarragona, Balc\u00f3n del Mediterr\u00e1neo","additional_wheelchair":"","voucher_link":"","start_location_coordinates":"41.11849, 1.25487","start_location_name":"Portal del Roser","start_location_address":"Via del Imperio Roma, 25, 43003, Espanha","end_location_name":"Balc\u00f3n del Mediterr\u00e1neo","partner_object":null},"_links":{"self":[{"href":"https:\/\/explorial.com\/pt-pt\/wp-json\/wp\/v2\/product\/27741","targetHints":{"allow":["GET"]}}],"collection":[{"href":"https:\/\/explorial.com\/pt-pt\/wp-json\/wp\/v2\/product"}],"about":[{"href":"https:\/\/explorial.com\/pt-pt\/wp-json\/wp\/v2\/types\/product"}],"replies":[{"embeddable":true,"href":"https:\/\/explorial.com\/pt-pt\/wp-json\/wp\/v2\/comments?post=27741"}],"wp:featuredmedia":[{"embeddable":true,"href":"https:\/\/explorial.com\/pt-pt\/wp-json\/wp\/v2\/media\/35499"}],"wp:attachment":[{"href":"https:\/\/explorial.com\/pt-pt\/wp-json\/wp\/v2\/media?parent=27741"}],"wp:term":[{"taxonomy":"product_brand","embeddable":true,"href":"https:\/\/explorial.com\/pt-pt\/wp-json\/wp\/v2\/product_brand?post=27741"},{"taxonomy":"product_cat","embeddable":true,"href":"https:\/\/explorial.com\/pt-pt\/wp-json\/wp\/v2\/product_cat?post=27741"},{"taxonomy":"product_tag","embeddable":true,"href":"https:\/\/explorial.com\/pt-pt\/wp-json\/wp\/v2\/product_tag?post=27741"}],"curies":[{"name":"wp","href":"https:\/\/api.w.org\/{rel}","templated":true}]}}