{"id":27537,"date":"2022-10-10T13:39:32","date_gmt":"2022-10-10T13:39:32","guid":{"rendered":"https:\/\/explorial.com\/trails\/visita-a-cidade-barcelona-2\/"},"modified":"2024-09-17T07:50:11","modified_gmt":"2024-09-17T07:50:11","slug":"visita-a-cidade-barcelona-2","status":"publish","type":"product","link":"https:\/\/explorial.com\/pt-pt\/trails\/visita-a-cidade-barcelona-2\/","title":{"rendered":"Barcelona (Barrio Modernista)"},"content":{"rendered":"","protected":false},"excerpt":{"rendered":"","protected":false},"featured_media":35091,"comment_status":"open","ping_status":"closed","template":"","meta":{"_acf_changed":false},"product_brand":[],"product_cat":[483,532],"product_tag":[530],"class_list":{"0":"post-27537","1":"product","2":"type-product","3":"status-publish","4":"has-post-thumbnail","6":"product_cat-spain-pt","7":"product_cat-catalonia-pt","8":"product_tag-barcelona-pt","10":"first","11":"instock","12":"sale","13":"taxable","14":"shipping-taxable","15":"purchasable","16":"product-type-variable"},"acf":{"city_name":"Barcelona","city_name_display":"Barcelona (Barrio Modernista)","languages":"Ingl\u00eas, Espanhol, Franc\u00eas, Alem\u00e3o","duration":"cerca de 1.5 - 2 horas","description_1":"","description_2":"","city_description":"","short_description":"","notes":"","header_image":35071,"highlight_locations":"Casa Batll\u00f3, Casa Mil\u00e0, La Sagrada Familia","additional_wheelchair":"","voucher_link":"","start_location_coordinates":"41.39121, 2.16572","start_location_name":"Casa Lle\u00f3 i Morera","start_location_address":"Pg. de Gr\u00e0cia, 35, 08007 Barcelona","end_location_name":"Fachada del Nacimiento","partner_object":null},"_links":{"self":[{"href":"https:\/\/explorial.com\/pt-pt\/wp-json\/wp\/v2\/product\/27537","targetHints":{"allow":["GET"]}}],"collection":[{"href":"https:\/\/explorial.com\/pt-pt\/wp-json\/wp\/v2\/product"}],"about":[{"href":"https:\/\/explorial.com\/pt-pt\/wp-json\/wp\/v2\/types\/product"}],"replies":[{"embeddable":true,"href":"https:\/\/explorial.com\/pt-pt\/wp-json\/wp\/v2\/comments?post=27537"}],"wp:featuredmedia":[{"embeddable":true,"href":"https:\/\/explorial.com\/pt-pt\/wp-json\/wp\/v2\/media\/35091"}],"wp:attachment":[{"href":"https:\/\/explorial.com\/pt-pt\/wp-json\/wp\/v2\/media?parent=27537"}],"wp:term":[{"taxonomy":"product_brand","embeddable":true,"href":"https:\/\/explorial.com\/pt-pt\/wp-json\/wp\/v2\/product_brand?post=27537"},{"taxonomy":"product_cat","embeddable":true,"href":"https:\/\/explorial.com\/pt-pt\/wp-json\/wp\/v2\/product_cat?post=27537"},{"taxonomy":"product_tag","embeddable":true,"href":"https:\/\/explorial.com\/pt-pt\/wp-json\/wp\/v2\/product_tag?post=27537"}],"curies":[{"name":"wp","href":"https:\/\/api.w.org\/{rel}","templated":true}]}}