{"id":274460,"date":"2024-07-26T12:27:45","date_gmt":"2024-07-26T12:27:45","guid":{"rendered":"https:\/\/explorial.com\/trails\/visita-a-cidade-estocolmo-2\/"},"modified":"2024-09-10T09:31:52","modified_gmt":"2024-09-10T09:31:52","slug":"visita-a-cidade-estocolmo-2","status":"publish","type":"product","link":"https:\/\/explorial.com\/pt-pt\/trails\/visita-a-cidade-estocolmo-2\/","title":{"rendered":"Estocolmo (Trendy S\u00f6dermalm neighbourhood)"},"content":{"rendered":"","protected":false},"excerpt":{"rendered":"","protected":false},"featured_media":274393,"comment_status":"open","ping_status":"closed","template":"","meta":{"_acf_changed":false},"product_brand":[],"product_cat":[1898,1892],"product_tag":[1886],"class_list":{"0":"post-274460","1":"product","2":"type-product","3":"status-publish","4":"has-post-thumbnail","6":"product_cat-stockholm-county-pt","7":"product_cat-sweden-pt","8":"product_tag-stockholm-pt","10":"first","11":"instock","12":"sale","13":"taxable","14":"shipping-taxable","15":"purchasable","16":"product-type-variable"},"acf":{"city_name":"Estocolmo","city_name_display":"Estocolmo (Trendy S\u00f6dermalm neighbourhood)","languages":"Alem\u00e3o, Ingl\u00eas","duration":"cerca de 1.5 - 2 horas","description_1":"","description_2":"","city_description":"","short_description":"","notes":"","header_image":274387,"highlight_locations":"Millennium-Haus, Skinnarviksberget, Van der Nootska Palatset","additional_wheelchair":"","voucher_link":"","start_location_coordinates":"59.31475, 18.07125","start_location_name":"S\u00f6derhallarna","start_location_address":"Medborgarplatsen 5, 118 26 Stockholm, Sweden","end_location_name":"Skinnarviksberget","partner_object":null},"_links":{"self":[{"href":"https:\/\/explorial.com\/pt-pt\/wp-json\/wp\/v2\/product\/274460","targetHints":{"allow":["GET"]}}],"collection":[{"href":"https:\/\/explorial.com\/pt-pt\/wp-json\/wp\/v2\/product"}],"about":[{"href":"https:\/\/explorial.com\/pt-pt\/wp-json\/wp\/v2\/types\/product"}],"replies":[{"embeddable":true,"href":"https:\/\/explorial.com\/pt-pt\/wp-json\/wp\/v2\/comments?post=274460"}],"wp:featuredmedia":[{"embeddable":true,"href":"https:\/\/explorial.com\/pt-pt\/wp-json\/wp\/v2\/media\/274393"}],"wp:attachment":[{"href":"https:\/\/explorial.com\/pt-pt\/wp-json\/wp\/v2\/media?parent=274460"}],"wp:term":[{"taxonomy":"product_brand","embeddable":true,"href":"https:\/\/explorial.com\/pt-pt\/wp-json\/wp\/v2\/product_brand?post=274460"},{"taxonomy":"product_cat","embeddable":true,"href":"https:\/\/explorial.com\/pt-pt\/wp-json\/wp\/v2\/product_cat?post=274460"},{"taxonomy":"product_tag","embeddable":true,"href":"https:\/\/explorial.com\/pt-pt\/wp-json\/wp\/v2\/product_tag?post=274460"}],"curies":[{"name":"wp","href":"https:\/\/api.w.org\/{rel}","templated":true}]}}