{"id":273494,"date":"2024-07-23T16:55:56","date_gmt":"2024-07-23T16:55:56","guid":{"rendered":"https:\/\/explorial.com\/trails\/visita-a-cidade-bordeus-1\/"},"modified":"2024-09-17T09:06:19","modified_gmt":"2024-09-17T09:06:19","slug":"visita-a-cidade-bordeus-1","status":"publish","type":"product","link":"https:\/\/explorial.com\/pt-pt\/trails\/visita-a-cidade-bordeus-1\/","title":{"rendered":"Bord\u00e9us"},"content":{"rendered":"","protected":false},"excerpt":{"rendered":"","protected":false},"featured_media":274128,"comment_status":"open","ping_status":"closed","template":"","meta":{"_acf_changed":false},"product_brand":[],"product_cat":[500,3593],"product_tag":[3605],"class_list":{"0":"post-273494","1":"product","2":"type-product","3":"status-publish","4":"has-post-thumbnail","6":"product_cat-france-pt","7":"product_cat-nouvelle-aquitaine-pt","8":"product_tag-bordeaux-pt","10":"first","11":"instock","12":"sale","13":"taxable","14":"shipping-taxable","15":"purchasable","16":"product-type-variable"},"acf":{"city_name":"Bord\u00e9us","city_name_display":"Bord\u00e9us","languages":"Ingl\u00eas, Franc\u00eas","duration":"cerca de 1.5 - 2 horas","description_1":"","description_2":"","city_description":"","short_description":"","notes":"","header_image":274122,"highlight_locations":"Grand-Th\u00e9\u00e2tre, Grosse Cloche, Place de la Bourse","additional_wheelchair":"","voucher_link":"","start_location_coordinates":"44.84074, -0.57207","start_location_name":"Place du Parlement","start_location_address":"Place du Parlement, 33000, France","end_location_name":"Grosse Cloche","partner_object":null},"_links":{"self":[{"href":"https:\/\/explorial.com\/pt-pt\/wp-json\/wp\/v2\/product\/273494","targetHints":{"allow":["GET"]}}],"collection":[{"href":"https:\/\/explorial.com\/pt-pt\/wp-json\/wp\/v2\/product"}],"about":[{"href":"https:\/\/explorial.com\/pt-pt\/wp-json\/wp\/v2\/types\/product"}],"replies":[{"embeddable":true,"href":"https:\/\/explorial.com\/pt-pt\/wp-json\/wp\/v2\/comments?post=273494"}],"wp:featuredmedia":[{"embeddable":true,"href":"https:\/\/explorial.com\/pt-pt\/wp-json\/wp\/v2\/media\/274128"}],"wp:attachment":[{"href":"https:\/\/explorial.com\/pt-pt\/wp-json\/wp\/v2\/media?parent=273494"}],"wp:term":[{"taxonomy":"product_brand","embeddable":true,"href":"https:\/\/explorial.com\/pt-pt\/wp-json\/wp\/v2\/product_brand?post=273494"},{"taxonomy":"product_cat","embeddable":true,"href":"https:\/\/explorial.com\/pt-pt\/wp-json\/wp\/v2\/product_cat?post=273494"},{"taxonomy":"product_tag","embeddable":true,"href":"https:\/\/explorial.com\/pt-pt\/wp-json\/wp\/v2\/product_tag?post=273494"}],"curies":[{"name":"wp","href":"https:\/\/api.w.org\/{rel}","templated":true}]}}