{"id":27333,"date":"2022-06-27T13:38:07","date_gmt":"2022-06-27T13:38:07","guid":{"rendered":"https:\/\/explorial.com\/trails\/visita-a-cidade-valencia-2\/"},"modified":"2024-09-17T07:43:19","modified_gmt":"2024-09-17T07:43:19","slug":"visita-a-cidade-valencia-2","status":"publish","type":"product","link":"https:\/\/explorial.com\/pt-pt\/trails\/visita-a-cidade-valencia-2\/","title":{"rendered":"Val\u00eancia (Ruta Modernista)"},"content":{"rendered":"","protected":false},"excerpt":{"rendered":"","protected":false},"featured_media":50119,"comment_status":"open","ping_status":"closed","template":"","meta":{"_acf_changed":false},"product_brand":[],"product_cat":[483,536],"product_tag":[439],"class_list":{"0":"post-27333","1":"product","2":"type-product","3":"status-publish","4":"has-post-thumbnail","6":"product_cat-spain-pt","7":"product_cat-valencia-pt","8":"product_tag-valencia","10":"first","11":"instock","12":"sale","13":"taxable","14":"shipping-taxable","15":"purchasable","16":"product-type-variable"},"acf":{"city_name":"Val\u00eancia","city_name_display":"Val\u00eancia (Ruta Modernista)","languages":"Espanhol, Ingl\u00eas, Franc\u00eas, Alem\u00e3o","duration":"cerca de 1.5 - 2 horas","description_1":"","description_2":"","city_description":"","short_description":"","notes":"","header_image":27247,"highlight_locations":"El Mercado Central, La Lonja de los Mercaderes, Palacio del Marqu\u00e9s de Dos Aguas","additional_wheelchair":"","voucher_link":"","start_location_coordinates":"39.46738, -0.37702","start_location_name":"Esta\u00e7\u00e3o de Metro Xativa","start_location_address":"46007 Val\u00eancia, Espanha","end_location_name":"Palacio del Marqu\u00e9s de Dos Aguas","partner_object":null},"_links":{"self":[{"href":"https:\/\/explorial.com\/pt-pt\/wp-json\/wp\/v2\/product\/27333","targetHints":{"allow":["GET"]}}],"collection":[{"href":"https:\/\/explorial.com\/pt-pt\/wp-json\/wp\/v2\/product"}],"about":[{"href":"https:\/\/explorial.com\/pt-pt\/wp-json\/wp\/v2\/types\/product"}],"replies":[{"embeddable":true,"href":"https:\/\/explorial.com\/pt-pt\/wp-json\/wp\/v2\/comments?post=27333"}],"wp:featuredmedia":[{"embeddable":true,"href":"https:\/\/explorial.com\/pt-pt\/wp-json\/wp\/v2\/media\/50119"}],"wp:attachment":[{"href":"https:\/\/explorial.com\/pt-pt\/wp-json\/wp\/v2\/media?parent=27333"}],"wp:term":[{"taxonomy":"product_brand","embeddable":true,"href":"https:\/\/explorial.com\/pt-pt\/wp-json\/wp\/v2\/product_brand?post=27333"},{"taxonomy":"product_cat","embeddable":true,"href":"https:\/\/explorial.com\/pt-pt\/wp-json\/wp\/v2\/product_cat?post=27333"},{"taxonomy":"product_tag","embeddable":true,"href":"https:\/\/explorial.com\/pt-pt\/wp-json\/wp\/v2\/product_tag?post=27333"}],"curies":[{"name":"wp","href":"https:\/\/api.w.org\/{rel}","templated":true}]}}