{"id":26117,"date":"2022-04-29T13:27:33","date_gmt":"2022-04-29T13:27:33","guid":{"rendered":"https:\/\/explorial.com\/trails\/visita-a-cidade-marselha-1\/"},"modified":"2024-09-17T08:50:56","modified_gmt":"2024-09-17T08:50:56","slug":"visita-a-cidade-marselha-1","status":"publish","type":"product","link":"https:\/\/explorial.com\/pt-pt\/trails\/visita-a-cidade-marselha-1\/","title":{"rendered":"Marselha"},"content":{"rendered":"","protected":false},"excerpt":{"rendered":"","protected":false},"featured_media":26063,"comment_status":"open","ping_status":"closed","template":"","meta":{"_acf_changed":false},"product_brand":[],"product_cat":[500,515],"product_tag":[512],"class_list":{"0":"post-26117","1":"product","2":"type-product","3":"status-publish","4":"has-post-thumbnail","6":"product_cat-france-pt","7":"product_cat-provence-alpes-cote-dazur-pt","8":"product_tag-marseille-pt","10":"first","11":"instock","12":"sale","13":"taxable","14":"shipping-taxable","15":"purchasable","16":"product-type-variable"},"acf":{"city_name":"Marselha","city_name_display":"Marselha","languages":"Ingl\u00eas, Franc\u00eas, Italiano, Alem\u00e3o","duration":"cerca de 1.5 - 2 horas","description_1":"","description_2":"","city_description":"","short_description":"","notes":"","header_image":26031,"highlight_locations":"L\u2019H\u00f4tel de Ville, Sainte-Marie-Majeure, Fort Saint-Jean","additional_wheelchair":"","voucher_link":"","start_location_coordinates":"43.29596, 5.37003","start_location_name":"Quai du port","start_location_address":"2 Quai du Port\n13002 Marselha","end_location_name":"Fort Saint-Jean","partner_object":null},"_links":{"self":[{"href":"https:\/\/explorial.com\/pt-pt\/wp-json\/wp\/v2\/product\/26117","targetHints":{"allow":["GET"]}}],"collection":[{"href":"https:\/\/explorial.com\/pt-pt\/wp-json\/wp\/v2\/product"}],"about":[{"href":"https:\/\/explorial.com\/pt-pt\/wp-json\/wp\/v2\/types\/product"}],"replies":[{"embeddable":true,"href":"https:\/\/explorial.com\/pt-pt\/wp-json\/wp\/v2\/comments?post=26117"}],"wp:featuredmedia":[{"embeddable":true,"href":"https:\/\/explorial.com\/pt-pt\/wp-json\/wp\/v2\/media\/26063"}],"wp:attachment":[{"href":"https:\/\/explorial.com\/pt-pt\/wp-json\/wp\/v2\/media?parent=26117"}],"wp:term":[{"taxonomy":"product_brand","embeddable":true,"href":"https:\/\/explorial.com\/pt-pt\/wp-json\/wp\/v2\/product_brand?post=26117"},{"taxonomy":"product_cat","embeddable":true,"href":"https:\/\/explorial.com\/pt-pt\/wp-json\/wp\/v2\/product_cat?post=26117"},{"taxonomy":"product_tag","embeddable":true,"href":"https:\/\/explorial.com\/pt-pt\/wp-json\/wp\/v2\/product_tag?post=26117"}],"curies":[{"name":"wp","href":"https:\/\/api.w.org\/{rel}","templated":true}]}}