{"id":25905,"date":"2022-06-01T13:26:12","date_gmt":"2022-06-01T13:26:12","guid":{"rendered":"https:\/\/explorial.com\/trails\/visita-a-cidade-paris-2\/"},"modified":"2024-09-17T08:42:51","modified_gmt":"2024-09-17T08:42:51","slug":"visita-a-cidade-paris-2","status":"publish","type":"product","link":"https:\/\/explorial.com\/pt-pt\/trails\/visita-a-cidade-paris-2\/","title":{"rendered":"Paris (Montmartre)"},"content":{"rendered":"","protected":false},"excerpt":{"rendered":"","protected":false},"featured_media":51834,"comment_status":"open","ping_status":"closed","template":"","meta":{"_acf_changed":false},"product_brand":[],"product_cat":[500,509],"product_tag":[443],"class_list":{"0":"post-25905","1":"product","2":"type-product","3":"status-publish","4":"has-post-thumbnail","6":"product_cat-france-pt","7":"product_cat-paris-region-pt","8":"product_tag-paris","10":"first","11":"instock","12":"sale","13":"taxable","14":"shipping-taxable","15":"purchasable","16":"product-type-variable"},"acf":{"city_name":"Paris","city_name_display":"Paris (Montmartre)","languages":"Franc\u00eas, Ingl\u00eas, Italiano, Alem\u00e3o","duration":"cerca de 1.5 - 2 horas","description_1":"","description_2":"","city_description":"","short_description":"","notes":"","header_image":51809,"highlight_locations":"Moulin rouge, Mur des \u201cJe t\u2019aime\u201d, Basilique du Sacr\u00e9 C\u0153ur de Montmartre","additional_wheelchair":"","voucher_link":"","start_location_coordinates":"48.88364, 2.33308","start_location_name":"Blanche","start_location_address":"M\u00e9tro Blanche, 75018 Paris","end_location_name":"Basilique du Sacr\u00e9 C\u0153ur de Montmartre","partner_object":null},"_links":{"self":[{"href":"https:\/\/explorial.com\/pt-pt\/wp-json\/wp\/v2\/product\/25905","targetHints":{"allow":["GET"]}}],"collection":[{"href":"https:\/\/explorial.com\/pt-pt\/wp-json\/wp\/v2\/product"}],"about":[{"href":"https:\/\/explorial.com\/pt-pt\/wp-json\/wp\/v2\/types\/product"}],"replies":[{"embeddable":true,"href":"https:\/\/explorial.com\/pt-pt\/wp-json\/wp\/v2\/comments?post=25905"}],"wp:featuredmedia":[{"embeddable":true,"href":"https:\/\/explorial.com\/pt-pt\/wp-json\/wp\/v2\/media\/51834"}],"wp:attachment":[{"href":"https:\/\/explorial.com\/pt-pt\/wp-json\/wp\/v2\/media?parent=25905"}],"wp:term":[{"taxonomy":"product_brand","embeddable":true,"href":"https:\/\/explorial.com\/pt-pt\/wp-json\/wp\/v2\/product_brand?post=25905"},{"taxonomy":"product_cat","embeddable":true,"href":"https:\/\/explorial.com\/pt-pt\/wp-json\/wp\/v2\/product_cat?post=25905"},{"taxonomy":"product_tag","embeddable":true,"href":"https:\/\/explorial.com\/pt-pt\/wp-json\/wp\/v2\/product_tag?post=25905"}],"curies":[{"name":"wp","href":"https:\/\/api.w.org\/{rel}","templated":true}]}}