{"id":25701,"date":"2022-06-01T13:24:51","date_gmt":"2022-06-01T13:24:51","guid":{"rendered":"https:\/\/explorial.com\/trails\/visita-a-cidade-paris-1\/"},"modified":"2024-09-17T08:40:21","modified_gmt":"2024-09-17T08:40:21","slug":"visita-a-cidade-paris-1","status":"publish","type":"product","link":"https:\/\/explorial.com\/pt-pt\/trails\/visita-a-cidade-paris-1\/","title":{"rendered":"Paris (Quartier du Marais)"},"content":{"rendered":"","protected":false},"excerpt":{"rendered":"","protected":false},"featured_media":51655,"comment_status":"open","ping_status":"closed","template":"","meta":{"_acf_changed":false},"product_brand":[],"product_cat":[500,509],"product_tag":[506],"class_list":{"0":"post-25701","1":"product","2":"type-product","3":"status-publish","4":"has-post-thumbnail","6":"product_cat-france-pt","7":"product_cat-paris-region-pt","8":"product_tag-paris-pt","10":"first","11":"instock","12":"sale","13":"taxable","14":"shipping-taxable","15":"purchasable","16":"product-type-variable"},"acf":{"city_name":"Paris","city_name_display":"Paris (Quartier du Marais)","languages":"Franc\u00eas, Ingl\u00eas, Italiano, Alem\u00e3o","duration":"cerca de 1.5 - 2 horas","description_1":"","description_2":"","city_description":"","short_description":"","notes":"","header_image":36483,"highlight_locations":"Place de la Bastille, H\u00f4tel de Sens, Place des Vosges","additional_wheelchair":"","voucher_link":"","start_location_coordinates":"48.8577, 2.3475","start_location_name":"Place du Ch\u00e2telet","start_location_address":"75001 Paris","end_location_name":"Place de la Bastille","partner_object":null},"_links":{"self":[{"href":"https:\/\/explorial.com\/pt-pt\/wp-json\/wp\/v2\/product\/25701","targetHints":{"allow":["GET"]}}],"collection":[{"href":"https:\/\/explorial.com\/pt-pt\/wp-json\/wp\/v2\/product"}],"about":[{"href":"https:\/\/explorial.com\/pt-pt\/wp-json\/wp\/v2\/types\/product"}],"replies":[{"embeddable":true,"href":"https:\/\/explorial.com\/pt-pt\/wp-json\/wp\/v2\/comments?post=25701"}],"wp:featuredmedia":[{"embeddable":true,"href":"https:\/\/explorial.com\/pt-pt\/wp-json\/wp\/v2\/media\/51655"}],"wp:attachment":[{"href":"https:\/\/explorial.com\/pt-pt\/wp-json\/wp\/v2\/media?parent=25701"}],"wp:term":[{"taxonomy":"product_brand","embeddable":true,"href":"https:\/\/explorial.com\/pt-pt\/wp-json\/wp\/v2\/product_brand?post=25701"},{"taxonomy":"product_cat","embeddable":true,"href":"https:\/\/explorial.com\/pt-pt\/wp-json\/wp\/v2\/product_cat?post=25701"},{"taxonomy":"product_tag","embeddable":true,"href":"https:\/\/explorial.com\/pt-pt\/wp-json\/wp\/v2\/product_tag?post=25701"}],"curies":[{"name":"wp","href":"https:\/\/api.w.org\/{rel}","templated":true}]}}