{"id":252613,"date":"2024-06-04T16:13:18","date_gmt":"2024-06-04T16:13:18","guid":{"rendered":"https:\/\/explorial.com\/trails\/visita-a-cidade-aveiro-1\/"},"modified":"2024-09-17T14:03:57","modified_gmt":"2024-09-17T14:03:57","slug":"visita-a-cidade-aveiro-1","status":"publish","type":"product","link":"https:\/\/explorial.com\/pt-pt\/trails\/visita-a-cidade-aveiro-1\/","title":{"rendered":"Aveiro"},"content":{"rendered":"","protected":false},"excerpt":{"rendered":"","protected":false},"featured_media":252540,"comment_status":"open","ping_status":"closed","template":"","meta":{"_acf_changed":false},"product_brand":[],"product_cat":[399,407],"product_tag":[3372],"class_list":{"0":"post-252613","1":"product","2":"type-product","3":"status-publish","4":"has-post-thumbnail","6":"product_cat-portugal-pt","7":"product_cat-central-portugal-pt","8":"product_tag-aveiro-pt","10":"first","11":"instock","12":"sale","13":"taxable","14":"shipping-taxable","15":"purchasable","16":"product-type-variable"},"acf":{"city_name":"Aveiro","city_name_display":"Aveiro","languages":"Portugu\u00eas, Ingl\u00eas","duration":"cerca de 1.5 - 2 horas","description_1":"","description_2":"","city_description":"A cidade de Aveiro \u00e9 detentora de uma beleza \u00fanica. Conhecida pelas suas praias maravilhosas, pela gastronomia \u00edmpar e pelas suas ruas de cores alegres. Ao calcorrear pela cidade, conhece-se a sua hist\u00f3ria, descobrem-se os seus segredos e abra\u00e7a-se a cultura e a identidade local. Uma visita imperd\u00edvel pela cidade mais rom\u00e2ntica da Europa!","short_description":"","notes":"","header_image":252534,"highlight_locations":"Ovos Moles de Aveiro, Capela de S\u00e3o Gon\u00e7alinho,  Passeios de Moliceiro","additional_wheelchair":"","voucher_link":"","start_location_coordinates":"40.63841, -8.64567","start_location_name":"Escadaria I Love Aveiro","start_location_address":"Rua Gustavo Silva, 3810-164 Aveiro, Portugal","end_location_name":" Passeios de Moliceiro","partner_object":null},"_links":{"self":[{"href":"https:\/\/explorial.com\/pt-pt\/wp-json\/wp\/v2\/product\/252613","targetHints":{"allow":["GET"]}}],"collection":[{"href":"https:\/\/explorial.com\/pt-pt\/wp-json\/wp\/v2\/product"}],"about":[{"href":"https:\/\/explorial.com\/pt-pt\/wp-json\/wp\/v2\/types\/product"}],"replies":[{"embeddable":true,"href":"https:\/\/explorial.com\/pt-pt\/wp-json\/wp\/v2\/comments?post=252613"}],"wp:featuredmedia":[{"embeddable":true,"href":"https:\/\/explorial.com\/pt-pt\/wp-json\/wp\/v2\/media\/252540"}],"wp:attachment":[{"href":"https:\/\/explorial.com\/pt-pt\/wp-json\/wp\/v2\/media?parent=252613"}],"wp:term":[{"taxonomy":"product_brand","embeddable":true,"href":"https:\/\/explorial.com\/pt-pt\/wp-json\/wp\/v2\/product_brand?post=252613"},{"taxonomy":"product_cat","embeddable":true,"href":"https:\/\/explorial.com\/pt-pt\/wp-json\/wp\/v2\/product_cat?post=252613"},{"taxonomy":"product_tag","embeddable":true,"href":"https:\/\/explorial.com\/pt-pt\/wp-json\/wp\/v2\/product_tag?post=252613"}],"curies":[{"name":"wp","href":"https:\/\/api.w.org\/{rel}","templated":true}]}}