{"id":25065,"date":"2022-07-07T13:19:11","date_gmt":"2022-07-07T13:19:11","guid":{"rendered":"https:\/\/explorial.com\/trails\/visita-a-cidade-lisboa-1\/"},"modified":"2024-09-17T13:40:48","modified_gmt":"2024-09-17T13:40:48","slug":"visita-a-cidade-lisboa-1","status":"publish","type":"product","link":"https:\/\/explorial.com\/pt-pt\/trails\/visita-a-cidade-lisboa-1\/","title":{"rendered":"Lisboa (Bairro do Chiado e Baixa)"},"content":{"rendered":"","protected":false},"excerpt":{"rendered":"","protected":false},"featured_media":50712,"comment_status":"open","ping_status":"closed","template":"","meta":{"_acf_changed":false},"product_brand":[],"product_cat":[399,411],"product_tag":[409],"class_list":{"0":"post-25065","1":"product","2":"type-product","3":"status-publish","4":"has-post-thumbnail","6":"product_cat-portugal-pt","7":"product_cat-lisbon-region-pt","8":"product_tag-lisbon-pt","10":"first","11":"instock","12":"sale","13":"taxable","14":"shipping-taxable","15":"purchasable","16":"product-type-variable"},"acf":{"city_name":"Lisboa","city_name_display":"Lisboa (Bairro do Chiado e Baixa)","languages":"Portugu\u00eas, Ingl\u00eas, Espanhol, Franc\u00eas, Alem\u00e3o","duration":"cerca de 1.5 - 2 horas","description_1":"","description_2":"","city_description":"Lisboa \u00e9 uma das capitais mais antigas da Europa, repleta de hist\u00f3ria, monumentos emblem\u00e1ticos e lugares vibrantes. Com fascinantes ruelas cheias de charme e paisagens buc\u00f3licas, os bairros de Lisboa possuem uma \u00e1urea pr\u00f3pria, como o Chiado e a Baixa Pombalina. Ser\u00e1 imposs\u00edvel n\u00e3o ficar rendido aos encantos da cidade mais cool da Europa!","short_description":"","notes":"","header_image":50672,"highlight_locations":"Elevador de Santa Justa , Pra\u00e7a dos Restauradores, Arco da Rua Augusta","additional_wheelchair":"","voucher_link":"","start_location_coordinates":"38.71536, -9.1409","start_location_name":"Blue Liberdade Hotel","start_location_address":"Pra\u00e7a dos Restauradores 78, 1250-188 Portugal","end_location_name":"Pra\u00e7a do Com\u00e9rcio","partner_object":null},"_links":{"self":[{"href":"https:\/\/explorial.com\/pt-pt\/wp-json\/wp\/v2\/product\/25065","targetHints":{"allow":["GET"]}}],"collection":[{"href":"https:\/\/explorial.com\/pt-pt\/wp-json\/wp\/v2\/product"}],"about":[{"href":"https:\/\/explorial.com\/pt-pt\/wp-json\/wp\/v2\/types\/product"}],"replies":[{"embeddable":true,"href":"https:\/\/explorial.com\/pt-pt\/wp-json\/wp\/v2\/comments?post=25065"}],"wp:featuredmedia":[{"embeddable":true,"href":"https:\/\/explorial.com\/pt-pt\/wp-json\/wp\/v2\/media\/50712"}],"wp:attachment":[{"href":"https:\/\/explorial.com\/pt-pt\/wp-json\/wp\/v2\/media?parent=25065"}],"wp:term":[{"taxonomy":"product_brand","embeddable":true,"href":"https:\/\/explorial.com\/pt-pt\/wp-json\/wp\/v2\/product_brand?post=25065"},{"taxonomy":"product_cat","embeddable":true,"href":"https:\/\/explorial.com\/pt-pt\/wp-json\/wp\/v2\/product_cat?post=25065"},{"taxonomy":"product_tag","embeddable":true,"href":"https:\/\/explorial.com\/pt-pt\/wp-json\/wp\/v2\/product_tag?post=25065"}],"curies":[{"name":"wp","href":"https:\/\/api.w.org\/{rel}","templated":true}]}}