{"id":24869,"date":"2022-04-01T13:17:54","date_gmt":"2022-04-01T13:17:54","guid":{"rendered":"https:\/\/explorial.com\/trails\/visita-a-cidade-braga-1\/"},"modified":"2024-09-17T13:31:56","modified_gmt":"2024-09-17T13:31:56","slug":"visita-a-cidade-braga-1","status":"publish","type":"product","link":"https:\/\/explorial.com\/pt-pt\/trails\/visita-a-cidade-braga-1\/","title":{"rendered":"Braga"},"content":{"rendered":"","protected":false},"excerpt":{"rendered":"","protected":false},"featured_media":50410,"comment_status":"open","ping_status":"closed","template":"","meta":{"_acf_changed":false},"product_brand":[],"product_cat":[401,399],"product_tag":[402],"class_list":{"0":"post-24869","1":"product","2":"type-product","3":"status-publish","4":"has-post-thumbnail","6":"product_cat-northern-portugal-pt","7":"product_cat-portugal-pt","8":"product_tag-braga","10":"first","11":"instock","12":"sale","13":"taxable","14":"shipping-taxable","15":"purchasable","16":"product-type-variable"},"acf":{"city_name":"Braga","city_name_display":"Braga","languages":"Portugu\u00eas, Ingl\u00eas, Espanhol, Franc\u00eas, Alem\u00e3o","duration":"cerca de 1.5 - 2 horas","description_1":"","description_2":"","city_description":"Bem-vindo a Braga. Esta \u00e9 a capital da regi\u00e3o do Minho. Nesta rota conhecer\u00e1s a liga\u00e7\u00e3o da cidade aos seus costumes cat\u00f3licos, combinando uma popula\u00e7\u00e3o extremamente acolhedora e uma beleza centen\u00e1ria cheia de vida. Esta \u00e9 a cidade dos arcebispos e lugares como a S\u00e9 Catedral de Braga ou o Convento do P\u00f3pulo.","short_description":"","notes":"","header_image":50400,"highlight_locations":"Jardim de Santa B\u00e1rbara, Arco da Porta Nova, S\u00e9 de Braga","additional_wheelchair":"","voucher_link":"","start_location_coordinates":"41.55138, -8.42245","start_location_name":"Pra\u00e7a da Rep\u00fablica","start_location_address":"Braga","end_location_name":"Igreja de Santa Cruz","partner_object":null},"_links":{"self":[{"href":"https:\/\/explorial.com\/pt-pt\/wp-json\/wp\/v2\/product\/24869","targetHints":{"allow":["GET"]}}],"collection":[{"href":"https:\/\/explorial.com\/pt-pt\/wp-json\/wp\/v2\/product"}],"about":[{"href":"https:\/\/explorial.com\/pt-pt\/wp-json\/wp\/v2\/types\/product"}],"replies":[{"embeddable":true,"href":"https:\/\/explorial.com\/pt-pt\/wp-json\/wp\/v2\/comments?post=24869"}],"wp:featuredmedia":[{"embeddable":true,"href":"https:\/\/explorial.com\/pt-pt\/wp-json\/wp\/v2\/media\/50410"}],"wp:attachment":[{"href":"https:\/\/explorial.com\/pt-pt\/wp-json\/wp\/v2\/media?parent=24869"}],"wp:term":[{"taxonomy":"product_brand","embeddable":true,"href":"https:\/\/explorial.com\/pt-pt\/wp-json\/wp\/v2\/product_brand?post=24869"},{"taxonomy":"product_cat","embeddable":true,"href":"https:\/\/explorial.com\/pt-pt\/wp-json\/wp\/v2\/product_cat?post=24869"},{"taxonomy":"product_tag","embeddable":true,"href":"https:\/\/explorial.com\/pt-pt\/wp-json\/wp\/v2\/product_tag?post=24869"}],"curies":[{"name":"wp","href":"https:\/\/api.w.org\/{rel}","templated":true}]}}