{"id":24241,"date":"2022-02-16T13:01:56","date_gmt":"2022-02-16T13:01:56","guid":{"rendered":"https:\/\/explorial.com\/trails\/visita-a-cidade-cidade-de-quebec-1\/"},"modified":"2024-09-09T11:22:00","modified_gmt":"2024-09-09T11:22:00","slug":"visita-a-cidade-cidade-de-quebec-1","status":"publish","type":"product","link":"https:\/\/explorial.com\/pt-pt\/trails\/visita-a-cidade-cidade-de-quebec-1\/","title":{"rendered":"Cidade de Quebec"},"content":{"rendered":"","protected":false},"excerpt":{"rendered":"","protected":false},"featured_media":34695,"comment_status":"open","ping_status":"closed","template":"","meta":{"_acf_changed":false},"product_brand":[],"product_cat":[457,460],"product_tag":[454],"class_list":{"0":"post-24241","1":"product","2":"type-product","3":"status-publish","4":"has-post-thumbnail","6":"product_cat-canada-pt","7":"product_cat-quebec-pt","8":"product_tag-quebec-city-pt","10":"first","11":"instock","12":"sale","13":"taxable","14":"shipping-taxable","15":"purchasable","16":"product-type-variable"},"acf":{"city_name":"Cidade de Quebec","city_name_display":"Cidade de Quebec","languages":"Ingl\u00eas, Franc\u00eas","duration":"cerca de 1.5 - 2 horas","description_1":"","description_2":"","city_description":"","short_description":"","notes":"","header_image":86249,"highlight_locations":"Monument \u00e0 Champlain, Petit-Champlain, Place Royale","additional_wheelchair":"","voucher_link":"","start_location_coordinates":"46.81252, -71.20501","start_location_name":"Em frente ao Ch\u00e2teau Frontenac","start_location_address":"Qu\u00e9bec","end_location_name":"Fresque des Qu\u00e9b\u00e9cois","partner_object":null},"_links":{"self":[{"href":"https:\/\/explorial.com\/pt-pt\/wp-json\/wp\/v2\/product\/24241","targetHints":{"allow":["GET"]}}],"collection":[{"href":"https:\/\/explorial.com\/pt-pt\/wp-json\/wp\/v2\/product"}],"about":[{"href":"https:\/\/explorial.com\/pt-pt\/wp-json\/wp\/v2\/types\/product"}],"replies":[{"embeddable":true,"href":"https:\/\/explorial.com\/pt-pt\/wp-json\/wp\/v2\/comments?post=24241"}],"wp:featuredmedia":[{"embeddable":true,"href":"https:\/\/explorial.com\/pt-pt\/wp-json\/wp\/v2\/media\/34695"}],"wp:attachment":[{"href":"https:\/\/explorial.com\/pt-pt\/wp-json\/wp\/v2\/media?parent=24241"}],"wp:term":[{"taxonomy":"product_brand","embeddable":true,"href":"https:\/\/explorial.com\/pt-pt\/wp-json\/wp\/v2\/product_brand?post=24241"},{"taxonomy":"product_cat","embeddable":true,"href":"https:\/\/explorial.com\/pt-pt\/wp-json\/wp\/v2\/product_cat?post=24241"},{"taxonomy":"product_tag","embeddable":true,"href":"https:\/\/explorial.com\/pt-pt\/wp-json\/wp\/v2\/product_tag?post=24241"}],"curies":[{"name":"wp","href":"https:\/\/api.w.org\/{rel}","templated":true}]}}