{"id":215212,"date":"2024-04-22T15:52:05","date_gmt":"2024-04-22T15:52:05","guid":{"rendered":"https:\/\/explorial.com\/trails\/visita-a-cidade-monaco-1\/"},"modified":"2024-09-10T07:43:53","modified_gmt":"2024-09-10T07:43:53","slug":"visita-a-cidade-monaco-1","status":"publish","type":"product","link":"https:\/\/explorial.com\/pt-pt\/trails\/visita-a-cidade-monaco-1\/","title":{"rendered":"M\u00f3naco"},"content":{"rendered":"","protected":false},"excerpt":{"rendered":"","protected":false},"featured_media":228685,"comment_status":"open","ping_status":"closed","template":"","meta":{"_acf_changed":false},"product_brand":[],"product_cat":[3259,3253],"product_tag":[3163],"class_list":{"0":"post-215212","1":"product","2":"type-product","3":"status-publish","4":"has-post-thumbnail","6":"product_cat-monaco-region-pt","7":"product_cat-monaco-pt","8":"product_tag-monaco-pt","10":"first","11":"instock","12":"sale","13":"taxable","14":"shipping-taxable","15":"purchasable","16":"product-type-variable"},"acf":{"city_name":"M\u00f3naco","city_name_display":"M\u00f3naco","languages":"Franc\u00eas, Ingl\u00eas","duration":"cerca de 1.5 - 2 horas","description_1":"","description_2":"","city_description":"","short_description":"","notes":"","header_image":228679,"highlight_locations":"Cath\u00e9drale de Monaco, Place du Casino, Automobile Club de Monaco","additional_wheelchair":"","voucher_link":"","start_location_coordinates":"43.73101, 7.4259","start_location_name":"Place du mus\u00e9e oc\u00e9anographique","start_location_address":"Avenue Saint-Martin, 98000 Monaco","end_location_name":"Place du Casino","partner_object":null},"_links":{"self":[{"href":"https:\/\/explorial.com\/pt-pt\/wp-json\/wp\/v2\/product\/215212","targetHints":{"allow":["GET"]}}],"collection":[{"href":"https:\/\/explorial.com\/pt-pt\/wp-json\/wp\/v2\/product"}],"about":[{"href":"https:\/\/explorial.com\/pt-pt\/wp-json\/wp\/v2\/types\/product"}],"replies":[{"embeddable":true,"href":"https:\/\/explorial.com\/pt-pt\/wp-json\/wp\/v2\/comments?post=215212"}],"wp:featuredmedia":[{"embeddable":true,"href":"https:\/\/explorial.com\/pt-pt\/wp-json\/wp\/v2\/media\/228685"}],"wp:attachment":[{"href":"https:\/\/explorial.com\/pt-pt\/wp-json\/wp\/v2\/media?parent=215212"}],"wp:term":[{"taxonomy":"product_brand","embeddable":true,"href":"https:\/\/explorial.com\/pt-pt\/wp-json\/wp\/v2\/product_brand?post=215212"},{"taxonomy":"product_cat","embeddable":true,"href":"https:\/\/explorial.com\/pt-pt\/wp-json\/wp\/v2\/product_cat?post=215212"},{"taxonomy":"product_tag","embeddable":true,"href":"https:\/\/explorial.com\/pt-pt\/wp-json\/wp\/v2\/product_tag?post=215212"}],"curies":[{"name":"wp","href":"https:\/\/api.w.org\/{rel}","templated":true}]}}