{"id":214082,"date":"2024-04-22T14:28:12","date_gmt":"2024-04-22T14:28:12","guid":{"rendered":"https:\/\/explorial.com\/trails\/visita-a-cidade-perugia-1\/"},"modified":"2024-11-19T16:00:56","modified_gmt":"2024-11-19T16:00:56","slug":"visita-a-cidade-perugia-1","status":"publish","type":"product","link":"https:\/\/explorial.com\/pt-pt\/trails\/visita-a-cidade-perugia-1\/","title":{"rendered":"Per\u00fagia"},"content":{"rendered":"","protected":false},"excerpt":{"rendered":"","protected":false},"featured_media":292152,"comment_status":"open","ping_status":"closed","template":"","meta":{"_acf_changed":false},"product_brand":[],"product_cat":[1434,3146],"product_tag":[3140],"class_list":{"0":"post-214082","1":"product","2":"type-product","3":"status-publish","4":"has-post-thumbnail","6":"product_cat-italy-pt","7":"product_cat-umbria-pt","8":"product_tag-perugia-pt","10":"first","11":"instock","12":"sale","13":"taxable","14":"shipping-taxable","15":"purchasable","16":"product-type-variable"},"acf":{"city_name":"Per\u00fagia","city_name_display":"Per\u00fagia","languages":"Ingl\u00eas, Italiano","duration":"cerca de 1.5 - 2 horas","description_1":"","description_2":"","city_description":"","short_description":"","notes":"","header_image":292146,"highlight_locations":"Arco Etrusco, Oratorio di San Bernardino, Acquedotto medievale","additional_wheelchair":"","voucher_link":"","start_location_coordinates":"43.11391, 12.39059","start_location_name":"Porta Sole","start_location_address":"Via delle Prome 20, 06122 Perugia, Italia","end_location_name":"Pozzo Etrusco","partner_object":null},"_links":{"self":[{"href":"https:\/\/explorial.com\/pt-pt\/wp-json\/wp\/v2\/product\/214082","targetHints":{"allow":["GET"]}}],"collection":[{"href":"https:\/\/explorial.com\/pt-pt\/wp-json\/wp\/v2\/product"}],"about":[{"href":"https:\/\/explorial.com\/pt-pt\/wp-json\/wp\/v2\/types\/product"}],"replies":[{"embeddable":true,"href":"https:\/\/explorial.com\/pt-pt\/wp-json\/wp\/v2\/comments?post=214082"}],"wp:featuredmedia":[{"embeddable":true,"href":"https:\/\/explorial.com\/pt-pt\/wp-json\/wp\/v2\/media\/292152"}],"wp:attachment":[{"href":"https:\/\/explorial.com\/pt-pt\/wp-json\/wp\/v2\/media?parent=214082"}],"wp:term":[{"taxonomy":"product_brand","embeddable":true,"href":"https:\/\/explorial.com\/pt-pt\/wp-json\/wp\/v2\/product_brand?post=214082"},{"taxonomy":"product_cat","embeddable":true,"href":"https:\/\/explorial.com\/pt-pt\/wp-json\/wp\/v2\/product_cat?post=214082"},{"taxonomy":"product_tag","embeddable":true,"href":"https:\/\/explorial.com\/pt-pt\/wp-json\/wp\/v2\/product_tag?post=214082"}],"curies":[{"name":"wp","href":"https:\/\/api.w.org\/{rel}","templated":true}]}}