{"id":194062,"date":"2024-03-15T13:49:52","date_gmt":"2024-03-15T13:49:52","guid":{"rendered":"https:\/\/explorial.com\/trails\/visita-a-cidade-cadis-1\/"},"modified":"2024-09-17T08:31:35","modified_gmt":"2024-09-17T08:31:35","slug":"visita-a-cidade-cadis-1","status":"publish","type":"product","link":"https:\/\/explorial.com\/pt-pt\/trails\/visita-a-cidade-cadis-1\/","title":{"rendered":"C\u00e1dis"},"content":{"rendered":"","protected":false},"excerpt":{"rendered":"","protected":false},"featured_media":193996,"comment_status":"open","ping_status":"closed","template":"","meta":{"_acf_changed":false},"product_brand":[],"product_cat":[485,483],"product_tag":[3040],"class_list":{"0":"post-194062","1":"product","2":"type-product","3":"status-publish","4":"has-post-thumbnail","6":"product_cat-andalusia-pt","7":"product_cat-spain-pt","8":"product_tag-cadiz-pt","10":"first","11":"instock","12":"sale","13":"taxable","14":"shipping-taxable","15":"purchasable","16":"product-type-variable"},"acf":{"city_name":"C\u00e1dis","city_name_display":"C\u00e1dis","languages":"Espanhol, Ingl\u00eas","duration":"cerca de 1.5 - 2 horas","description_1":"","description_2":"","city_description":"","short_description":"","notes":"","header_image":193990,"highlight_locations":"Catedral de C\u00e1diz, Gran Teatro Falla, La Caleta","additional_wheelchair":"","voucher_link":"","start_location_coordinates":"36.5314, -6.29267","start_location_name":"Oficina Municipal de Turismo ","start_location_address":"Paseo de Canalejas, 11006, Espa\u00f1a","end_location_name":"La Caleta","partner_object":null},"_links":{"self":[{"href":"https:\/\/explorial.com\/pt-pt\/wp-json\/wp\/v2\/product\/194062","targetHints":{"allow":["GET"]}}],"collection":[{"href":"https:\/\/explorial.com\/pt-pt\/wp-json\/wp\/v2\/product"}],"about":[{"href":"https:\/\/explorial.com\/pt-pt\/wp-json\/wp\/v2\/types\/product"}],"replies":[{"embeddable":true,"href":"https:\/\/explorial.com\/pt-pt\/wp-json\/wp\/v2\/comments?post=194062"}],"wp:featuredmedia":[{"embeddable":true,"href":"https:\/\/explorial.com\/pt-pt\/wp-json\/wp\/v2\/media\/193996"}],"wp:attachment":[{"href":"https:\/\/explorial.com\/pt-pt\/wp-json\/wp\/v2\/media?parent=194062"}],"wp:term":[{"taxonomy":"product_brand","embeddable":true,"href":"https:\/\/explorial.com\/pt-pt\/wp-json\/wp\/v2\/product_brand?post=194062"},{"taxonomy":"product_cat","embeddable":true,"href":"https:\/\/explorial.com\/pt-pt\/wp-json\/wp\/v2\/product_cat?post=194062"},{"taxonomy":"product_tag","embeddable":true,"href":"https:\/\/explorial.com\/pt-pt\/wp-json\/wp\/v2\/product_tag?post=194062"}],"curies":[{"name":"wp","href":"https:\/\/api.w.org\/{rel}","templated":true}]}}