{"id":185362,"date":"2024-02-14T17:04:03","date_gmt":"2024-02-14T17:04:03","guid":{"rendered":"https:\/\/explorial.com\/trails\/visita-a-cidade-castro-verde-1\/"},"modified":"2024-09-17T13:54:42","modified_gmt":"2024-09-17T13:54:42","slug":"visita-a-cidade-castro-verde-1","status":"publish","type":"product","link":"https:\/\/explorial.com\/pt-pt\/trails\/visita-a-cidade-castro-verde-1\/","title":{"rendered":"Castro Verde"},"content":{"rendered":"","protected":false},"excerpt":{"rendered":"","protected":false},"featured_media":185296,"comment_status":"open","ping_status":"closed","template":"","meta":{"_acf_changed":false},"product_brand":[],"product_cat":[1539,399],"product_tag":[2951],"class_list":{"0":"post-185362","1":"product","2":"type-product","3":"status-publish","4":"has-post-thumbnail","6":"product_cat-alentejo-pt","7":"product_cat-portugal-pt","8":"product_tag-castro-verde-pt","10":"first","11":"instock","12":"sale","13":"taxable","14":"shipping-taxable","15":"purchasable","16":"product-type-variable"},"acf":{"city_name":"Castro Verde","city_name_display":"Castro Verde","languages":"Portugu\u00eas, Ingl\u00eas","duration":"cerca de 1.5 - 2 horas","description_1":"","description_2":"","city_description":"Situada nas vastas plan\u00edcies douradas do Alentejo, a pitoresca vila de Castro Verde encanta os visitantes com a sua beleza natural e rica heran\u00e7a cultural. Com uma hist\u00f3ria que remonta a tempos antigos, uma gastronomia que desperta os sentidos e uma hospitalidade calorosa que acolhe todos os que a visitam, Castro Verde \u00e9 um convite a explorar os encantos do Alentejo. Vamos partir \u00e0 descoberta! ","short_description":"","notes":"","header_image":185290,"highlight_locations":"Bas\u00edlica Real de Nossa Senhora da Concei\u00e7\u00e3o, Moinho de Castro Verde, Casa Dona Maria","additional_wheelchair":"","voucher_link":"","start_location_coordinates":"37.69544, -8.0888","start_location_name":"Grupo Motard de Castro Verde","start_location_address":"Largo da feira 9, 7780-277 Castro Verde, Portugal\n","end_location_name":"Largo V\u00edtor Prazeres","partner_object":null},"_links":{"self":[{"href":"https:\/\/explorial.com\/pt-pt\/wp-json\/wp\/v2\/product\/185362","targetHints":{"allow":["GET"]}}],"collection":[{"href":"https:\/\/explorial.com\/pt-pt\/wp-json\/wp\/v2\/product"}],"about":[{"href":"https:\/\/explorial.com\/pt-pt\/wp-json\/wp\/v2\/types\/product"}],"replies":[{"embeddable":true,"href":"https:\/\/explorial.com\/pt-pt\/wp-json\/wp\/v2\/comments?post=185362"}],"wp:featuredmedia":[{"embeddable":true,"href":"https:\/\/explorial.com\/pt-pt\/wp-json\/wp\/v2\/media\/185296"}],"wp:attachment":[{"href":"https:\/\/explorial.com\/pt-pt\/wp-json\/wp\/v2\/media?parent=185362"}],"wp:term":[{"taxonomy":"product_brand","embeddable":true,"href":"https:\/\/explorial.com\/pt-pt\/wp-json\/wp\/v2\/product_brand?post=185362"},{"taxonomy":"product_cat","embeddable":true,"href":"https:\/\/explorial.com\/pt-pt\/wp-json\/wp\/v2\/product_cat?post=185362"},{"taxonomy":"product_tag","embeddable":true,"href":"https:\/\/explorial.com\/pt-pt\/wp-json\/wp\/v2\/product_tag?post=185362"}],"curies":[{"name":"wp","href":"https:\/\/api.w.org\/{rel}","templated":true}]}}