{"id":185031,"date":"2024-02-14T17:00:34","date_gmt":"2024-02-14T17:00:34","guid":{"rendered":"https:\/\/explorial.com\/trails\/visita-a-cidade-beja-1\/"},"modified":"2024-09-17T13:58:00","modified_gmt":"2024-09-17T13:58:00","slug":"visita-a-cidade-beja-1","status":"publish","type":"product","link":"https:\/\/explorial.com\/pt-pt\/trails\/visita-a-cidade-beja-1\/","title":{"rendered":"Beja"},"content":{"rendered":"","protected":false},"excerpt":{"rendered":"","protected":false},"featured_media":184965,"comment_status":"open","ping_status":"closed","template":"","meta":{"_acf_changed":false},"product_brand":[],"product_cat":[1539,399],"product_tag":[2944],"class_list":{"0":"post-185031","1":"product","2":"type-product","3":"status-publish","4":"has-post-thumbnail","6":"product_cat-alentejo-pt","7":"product_cat-portugal-pt","8":"product_tag-beja-pt","10":"first","11":"instock","12":"sale","13":"taxable","14":"shipping-taxable","15":"purchasable","16":"product-type-variable"},"acf":{"city_name":"Beja","city_name_display":"Beja","languages":"Portugu\u00eas, Ingl\u00eas","duration":"cerca de 1.5 - 2 horas","description_1":"","description_2":"","city_description":"Situada no cora\u00e7\u00e3o da vasta plan\u00edcie alentejana, Beja conta com mais de 2500 anos de hist\u00f3ria que marcam a passagem de antigas civiliza\u00e7\u00f5es. Na cidade, vale a pena calcorrear pelas ruas estreitas, observar sem pressas as casas caiadas de branco, visitar monumentos hist\u00f3ricos e conhecer o passado onde se contam hist\u00f3rias de amor. Conhecida por ser uma cidade encantadora e detentora de uma beleza \u00fanica, n\u00e3o dispensa uma visita!","short_description":"","notes":"","header_image":184959,"highlight_locations":"Cine-Teatro Pax-Julia, Castelo de Beja, Museu Rainha Dona Leonor","additional_wheelchair":"","voucher_link":"","start_location_coordinates":"38.01532, -7.86649","start_location_name":"Arco dos Prazeres","start_location_address":"Rua Abel Viana 10-7,7800-396, Beja, Portugal","end_location_name":"Castelo de Beja","partner_object":null},"_links":{"self":[{"href":"https:\/\/explorial.com\/pt-pt\/wp-json\/wp\/v2\/product\/185031","targetHints":{"allow":["GET"]}}],"collection":[{"href":"https:\/\/explorial.com\/pt-pt\/wp-json\/wp\/v2\/product"}],"about":[{"href":"https:\/\/explorial.com\/pt-pt\/wp-json\/wp\/v2\/types\/product"}],"replies":[{"embeddable":true,"href":"https:\/\/explorial.com\/pt-pt\/wp-json\/wp\/v2\/comments?post=185031"}],"wp:featuredmedia":[{"embeddable":true,"href":"https:\/\/explorial.com\/pt-pt\/wp-json\/wp\/v2\/media\/184965"}],"wp:attachment":[{"href":"https:\/\/explorial.com\/pt-pt\/wp-json\/wp\/v2\/media?parent=185031"}],"wp:term":[{"taxonomy":"product_brand","embeddable":true,"href":"https:\/\/explorial.com\/pt-pt\/wp-json\/wp\/v2\/product_brand?post=185031"},{"taxonomy":"product_cat","embeddable":true,"href":"https:\/\/explorial.com\/pt-pt\/wp-json\/wp\/v2\/product_cat?post=185031"},{"taxonomy":"product_tag","embeddable":true,"href":"https:\/\/explorial.com\/pt-pt\/wp-json\/wp\/v2\/product_tag?post=185031"}],"curies":[{"name":"wp","href":"https:\/\/api.w.org\/{rel}","templated":true}]}}