{"id":184667,"date":"2024-02-14T16:55:42","date_gmt":"2024-02-14T16:55:42","guid":{"rendered":"https:\/\/explorial.com\/trails\/visita-a-cidade-milao-1\/"},"modified":"2024-09-17T12:42:38","modified_gmt":"2024-09-17T12:42:38","slug":"visita-a-cidade-milao-1","status":"publish","type":"product","link":"https:\/\/explorial.com\/pt-pt\/trails\/visita-a-cidade-milao-1\/","title":{"rendered":"Mil\u00e3o"},"content":{"rendered":"","protected":false},"excerpt":{"rendered":"","protected":false},"featured_media":184600,"comment_status":"open","ping_status":"closed","template":"","meta":{"_acf_changed":false},"product_brand":[],"product_cat":[1434,1986],"product_tag":[2938],"class_list":{"0":"post-184667","1":"product","2":"type-product","3":"status-publish","4":"has-post-thumbnail","6":"product_cat-italy-pt","7":"product_cat-lombardy-pt","8":"product_tag-milan-pt","10":"first","11":"instock","12":"sale","13":"taxable","14":"shipping-taxable","15":"purchasable","16":"product-type-variable"},"acf":{"city_name":"Mil\u00e3o","city_name_display":"Mil\u00e3o","languages":"Italiano, Ingl\u00eas","duration":"cerca de 1.5 - 2 horas","description_1":"","description_2":"","city_description":"","short_description":"","notes":"","header_image":184594,"highlight_locations":"Duomo di Milano, Castello Sforzesco, Ponte delle Sirenette","additional_wheelchair":"","voucher_link":"","start_location_coordinates":"45.46367, 9.19024","start_location_name":"Museo del Novecento","start_location_address":"P.za del Duomo, 8, 20123 Milano, Italia","end_location_name":"Arco della Pace","partner_object":null},"_links":{"self":[{"href":"https:\/\/explorial.com\/pt-pt\/wp-json\/wp\/v2\/product\/184667","targetHints":{"allow":["GET"]}}],"collection":[{"href":"https:\/\/explorial.com\/pt-pt\/wp-json\/wp\/v2\/product"}],"about":[{"href":"https:\/\/explorial.com\/pt-pt\/wp-json\/wp\/v2\/types\/product"}],"replies":[{"embeddable":true,"href":"https:\/\/explorial.com\/pt-pt\/wp-json\/wp\/v2\/comments?post=184667"}],"wp:featuredmedia":[{"embeddable":true,"href":"https:\/\/explorial.com\/pt-pt\/wp-json\/wp\/v2\/media\/184600"}],"wp:attachment":[{"href":"https:\/\/explorial.com\/pt-pt\/wp-json\/wp\/v2\/media?parent=184667"}],"wp:term":[{"taxonomy":"product_brand","embeddable":true,"href":"https:\/\/explorial.com\/pt-pt\/wp-json\/wp\/v2\/product_brand?post=184667"},{"taxonomy":"product_cat","embeddable":true,"href":"https:\/\/explorial.com\/pt-pt\/wp-json\/wp\/v2\/product_cat?post=184667"},{"taxonomy":"product_tag","embeddable":true,"href":"https:\/\/explorial.com\/pt-pt\/wp-json\/wp\/v2\/product_tag?post=184667"}],"curies":[{"name":"wp","href":"https:\/\/api.w.org\/{rel}","templated":true}]}}