{"id":167060,"date":"2024-01-24T13:02:42","date_gmt":"2024-01-24T13:02:42","guid":{"rendered":"https:\/\/explorial.com\/trails\/visita-a-cidade-pontevedra-1\/"},"modified":"2024-09-17T08:26:11","modified_gmt":"2024-09-17T08:26:11","slug":"visita-a-cidade-pontevedra-1","status":"publish","type":"product","link":"https:\/\/explorial.com\/pt-pt\/trails\/visita-a-cidade-pontevedra-1\/","title":{"rendered":"Pontevedra"},"content":{"rendered":"","protected":false},"excerpt":{"rendered":"","protected":false},"featured_media":166993,"comment_status":"open","ping_status":"closed","template":"","meta":{"_acf_changed":false},"product_brand":[],"product_cat":[483,2876],"product_tag":[2870],"class_list":{"0":"post-167060","1":"product","2":"type-product","3":"status-publish","4":"has-post-thumbnail","6":"product_cat-spain-pt","7":"product_cat-galicia-pt","8":"product_tag-pontevedra-pt","10":"first","11":"instock","12":"sale","13":"taxable","14":"shipping-taxable","15":"purchasable","16":"product-type-variable"},"acf":{"city_name":"Pontevedra","city_name_display":"Pontevedra","languages":"Espanhol, Ingl\u00eas","duration":"cerca de 1.5 - 2 horas","description_1":"","description_2":"","city_description":"","short_description":"","notes":"","header_image":166987,"highlight_locations":"Capela da Virxe Peregrina, Praza da Ferrar\u00eda, Praza M\u00e9ndez N\u00fa\u00f1ez","additional_wheelchair":"","voucher_link":"","start_location_coordinates":"42.43187, -8.64699","start_location_name":"Casa do Concelho de Pontevedra","start_location_address":"Praza de Espa\u00f1a, 1, 36002, Espa\u00f1a","end_location_name":"Capela da Virxe Peregrina","partner_object":null},"_links":{"self":[{"href":"https:\/\/explorial.com\/pt-pt\/wp-json\/wp\/v2\/product\/167060","targetHints":{"allow":["GET"]}}],"collection":[{"href":"https:\/\/explorial.com\/pt-pt\/wp-json\/wp\/v2\/product"}],"about":[{"href":"https:\/\/explorial.com\/pt-pt\/wp-json\/wp\/v2\/types\/product"}],"replies":[{"embeddable":true,"href":"https:\/\/explorial.com\/pt-pt\/wp-json\/wp\/v2\/comments?post=167060"}],"wp:featuredmedia":[{"embeddable":true,"href":"https:\/\/explorial.com\/pt-pt\/wp-json\/wp\/v2\/media\/166993"}],"wp:attachment":[{"href":"https:\/\/explorial.com\/pt-pt\/wp-json\/wp\/v2\/media?parent=167060"}],"wp:term":[{"taxonomy":"product_brand","embeddable":true,"href":"https:\/\/explorial.com\/pt-pt\/wp-json\/wp\/v2\/product_brand?post=167060"},{"taxonomy":"product_cat","embeddable":true,"href":"https:\/\/explorial.com\/pt-pt\/wp-json\/wp\/v2\/product_cat?post=167060"},{"taxonomy":"product_tag","embeddable":true,"href":"https:\/\/explorial.com\/pt-pt\/wp-json\/wp\/v2\/product_tag?post=167060"}],"curies":[{"name":"wp","href":"https:\/\/api.w.org\/{rel}","templated":true}]}}