{"id":156612,"date":"2023-12-11T13:17:04","date_gmt":"2023-12-11T13:17:04","guid":{"rendered":"https:\/\/explorial.com\/trails\/visita-a-cidade-tavira-1\/"},"modified":"2024-09-17T14:00:31","modified_gmt":"2024-09-17T14:00:31","slug":"visita-a-cidade-tavira-1","status":"publish","type":"product","link":"https:\/\/explorial.com\/pt-pt\/trails\/visita-a-cidade-tavira-1\/","title":{"rendered":"Tavira"},"content":{"rendered":"","protected":false},"excerpt":{"rendered":"","protected":false},"featured_media":156546,"comment_status":"open","ping_status":"closed","template":"","meta":{"_acf_changed":false},"product_brand":[],"product_cat":[2807,399],"product_tag":[2769],"class_list":{"0":"post-156612","1":"product","2":"type-product","3":"status-publish","4":"has-post-thumbnail","6":"product_cat-algarve-pt","7":"product_cat-portugal-pt","8":"product_tag-tavira-pt","10":"first","11":"instock","12":"sale","13":"taxable","14":"shipping-taxable","15":"purchasable","16":"product-type-variable"},"acf":{"city_name":"Tavira","city_name_display":"Tavira","languages":"Portugu\u00eas, Ingl\u00eas","duration":"cerca de 1.5 - 2 horas","description_1":"","description_2":"","city_description":"Tavira \u00e9 uma pequena cidade situada no sul de Portugal, no Algarve. Visitar a cidade \u00e9 poder viajar no tempo e desvendar os seus segredos. Distribu\u00edda pelas duas margens do rio, dela sobressaem as ruas estreitas, as charmosas casas brancas, os telhados e as paisagens de cortar a respira\u00e7\u00e3o. No topo, destacam-se as muralhas do Castelo, sendo este o lugar ideal para contemplar a cidade. Tavira \u00e9 um ponto de paragem obrigat\u00f3rio no roteiro cultural do Algarve.","short_description":"","notes":"","header_image":156540,"highlight_locations":"C\u00e2mara Municipal de Tavira, Castelo de Tavira, Ponte antiga de Tavira","additional_wheelchair":"","voucher_link":"","start_location_coordinates":"37.12582, -7.65012","start_location_name":"Posto de Turismo de Tavira","start_location_address":"Pra\u00e7a da Rep\u00fablica 5, 8800-951 Tavira, Portugal","end_location_name":"Jardim do Coreto","partner_object":null},"_links":{"self":[{"href":"https:\/\/explorial.com\/pt-pt\/wp-json\/wp\/v2\/product\/156612","targetHints":{"allow":["GET"]}}],"collection":[{"href":"https:\/\/explorial.com\/pt-pt\/wp-json\/wp\/v2\/product"}],"about":[{"href":"https:\/\/explorial.com\/pt-pt\/wp-json\/wp\/v2\/types\/product"}],"replies":[{"embeddable":true,"href":"https:\/\/explorial.com\/pt-pt\/wp-json\/wp\/v2\/comments?post=156612"}],"wp:featuredmedia":[{"embeddable":true,"href":"https:\/\/explorial.com\/pt-pt\/wp-json\/wp\/v2\/media\/156546"}],"wp:attachment":[{"href":"https:\/\/explorial.com\/pt-pt\/wp-json\/wp\/v2\/media?parent=156612"}],"wp:term":[{"taxonomy":"product_brand","embeddable":true,"href":"https:\/\/explorial.com\/pt-pt\/wp-json\/wp\/v2\/product_brand?post=156612"},{"taxonomy":"product_cat","embeddable":true,"href":"https:\/\/explorial.com\/pt-pt\/wp-json\/wp\/v2\/product_cat?post=156612"},{"taxonomy":"product_tag","embeddable":true,"href":"https:\/\/explorial.com\/pt-pt\/wp-json\/wp\/v2\/product_tag?post=156612"}],"curies":[{"name":"wp","href":"https:\/\/api.w.org\/{rel}","templated":true}]}}