{"id":156375,"date":"2023-12-11T13:15:01","date_gmt":"2023-12-11T13:15:01","guid":{"rendered":"https:\/\/explorial.com\/trails\/visita-a-cidade-silves-1\/"},"modified":"2024-09-17T13:47:20","modified_gmt":"2024-09-17T13:47:20","slug":"visita-a-cidade-silves-1","status":"publish","type":"product","link":"https:\/\/explorial.com\/pt-pt\/trails\/visita-a-cidade-silves-1\/","title":{"rendered":"Silves"},"content":{"rendered":"","protected":false},"excerpt":{"rendered":"","protected":false},"featured_media":156308,"comment_status":"open","ping_status":"closed","template":"","meta":{"_acf_changed":false},"product_brand":[],"product_cat":[2807,399],"product_tag":[2766],"class_list":{"0":"post-156375","1":"product","2":"type-product","3":"status-publish","4":"has-post-thumbnail","6":"product_cat-algarve-pt","7":"product_cat-portugal-pt","8":"product_tag-silves-pt","10":"first","11":"instock","12":"sale","13":"taxable","14":"shipping-taxable","15":"purchasable","16":"product-type-variable"},"acf":{"city_name":"Silves","city_name_display":"Silves","languages":"Portugu\u00eas, Ingl\u00eas","duration":"cerca de 1.5 - 2 horas","description_1":"","description_2":"","city_description":"Visitar Silves \u00e9 viajar no tempo. Uma cidade onde o passado se une com o presente. Ao longe, avista-se o vermelho-escuro das fortes muralhas do castelo. Uma arquitetura peculiar e ruas de casas brancas que refletem o sol e o c\u00e9u azul. Percorrer Silves \u00e9 perder-se nos vest\u00edgios da presen\u00e7a \u00e1rabe que constroem a hist\u00f3ria da cidade. Um lugar que \u00e9 sin\u00f3nimo de experi\u00eancias \u00fanicas e inesquec\u00edveis!","short_description":"","notes":"","header_image":156302,"highlight_locations":"Pelourinho de Silves, Igreja da Miseric\u00f3rdia de Silves, Castelo de Silves","additional_wheelchair":"","voucher_link":"","start_location_coordinates":"37.1857, -8.44071","start_location_name":"Posto de Turismo de Silves","start_location_address":"Parque Ribeirinho de Silves, 8300, Silves, Portugal","end_location_name":"Castelo de Silves","partner_object":null},"_links":{"self":[{"href":"https:\/\/explorial.com\/pt-pt\/wp-json\/wp\/v2\/product\/156375","targetHints":{"allow":["GET"]}}],"collection":[{"href":"https:\/\/explorial.com\/pt-pt\/wp-json\/wp\/v2\/product"}],"about":[{"href":"https:\/\/explorial.com\/pt-pt\/wp-json\/wp\/v2\/types\/product"}],"replies":[{"embeddable":true,"href":"https:\/\/explorial.com\/pt-pt\/wp-json\/wp\/v2\/comments?post=156375"}],"wp:featuredmedia":[{"embeddable":true,"href":"https:\/\/explorial.com\/pt-pt\/wp-json\/wp\/v2\/media\/156308"}],"wp:attachment":[{"href":"https:\/\/explorial.com\/pt-pt\/wp-json\/wp\/v2\/media?parent=156375"}],"wp:term":[{"taxonomy":"product_brand","embeddable":true,"href":"https:\/\/explorial.com\/pt-pt\/wp-json\/wp\/v2\/product_brand?post=156375"},{"taxonomy":"product_cat","embeddable":true,"href":"https:\/\/explorial.com\/pt-pt\/wp-json\/wp\/v2\/product_cat?post=156375"},{"taxonomy":"product_tag","embeddable":true,"href":"https:\/\/explorial.com\/pt-pt\/wp-json\/wp\/v2\/product_tag?post=156375"}],"curies":[{"name":"wp","href":"https:\/\/api.w.org\/{rel}","templated":true}]}}