{"id":156126,"date":"2023-12-11T13:12:44","date_gmt":"2023-12-11T13:12:44","guid":{"rendered":"https:\/\/explorial.com\/trails\/visita-a-cidade-lagos-1\/"},"modified":"2024-09-17T14:10:34","modified_gmt":"2024-09-17T14:10:34","slug":"visita-a-cidade-lagos-1","status":"publish","type":"product","link":"https:\/\/explorial.com\/pt-pt\/trails\/visita-a-cidade-lagos-1\/","title":{"rendered":"Lagos"},"content":{"rendered":"","protected":false},"excerpt":{"rendered":"","protected":false},"featured_media":156059,"comment_status":"open","ping_status":"closed","template":"","meta":{"_acf_changed":false},"product_brand":[],"product_cat":[2807,399],"product_tag":[2778],"class_list":{"0":"post-156126","1":"product","2":"type-product","3":"status-publish","4":"has-post-thumbnail","6":"product_cat-algarve-pt","7":"product_cat-portugal-pt","8":"product_tag-lagos-pt","10":"first","11":"instock","12":"sale","13":"taxable","14":"shipping-taxable","15":"purchasable","16":"product-type-variable"},"acf":{"city_name":"Lagos","city_name_display":"Lagos","languages":"Portugu\u00eas, Ingl\u00eas","duration":"cerca de 1.5 - 2 horas","description_1":"","description_2":"","city_description":"Lagos \u00e9 um tesouro hist\u00f3rico \u00e0 beira-mar. \u00c9 um lugar onde a hist\u00f3ria se entrela\u00e7a com a natureza. Com uma heran\u00e7a mar\u00edtima que remonta a mais de 2.000 anos, a cidade \u00e9 uma janela para o passado de Portugal. Das ruas pitorescas ao esplendor costeiro, promete encantar em todos os sentidos. \u00c9 tamb\u00e9m um dos destinos tur\u00edsticos do Algarve mais populares, com algumas das praias mais bonitas da regi\u00e3o.","short_description":"","notes":"","header_image":156053,"highlight_locations":"Muralhas de Lagos, Antiga C\u00e2mara Municipal de Lagos, Mercado Municipal de Lagos","additional_wheelchair":"","voucher_link":"","start_location_coordinates":"37.10754, -8.67486","start_location_name":"Marina de Lagos","start_location_address":"Edif\u00edcio da Administra\u00e7\u00e3o, 8600-315, Lagos, Portugal","end_location_name":"Forte da Ponta da Bandeira","partner_object":null},"_links":{"self":[{"href":"https:\/\/explorial.com\/pt-pt\/wp-json\/wp\/v2\/product\/156126","targetHints":{"allow":["GET"]}}],"collection":[{"href":"https:\/\/explorial.com\/pt-pt\/wp-json\/wp\/v2\/product"}],"about":[{"href":"https:\/\/explorial.com\/pt-pt\/wp-json\/wp\/v2\/types\/product"}],"replies":[{"embeddable":true,"href":"https:\/\/explorial.com\/pt-pt\/wp-json\/wp\/v2\/comments?post=156126"}],"wp:featuredmedia":[{"embeddable":true,"href":"https:\/\/explorial.com\/pt-pt\/wp-json\/wp\/v2\/media\/156059"}],"wp:attachment":[{"href":"https:\/\/explorial.com\/pt-pt\/wp-json\/wp\/v2\/media?parent=156126"}],"wp:term":[{"taxonomy":"product_brand","embeddable":true,"href":"https:\/\/explorial.com\/pt-pt\/wp-json\/wp\/v2\/product_brand?post=156126"},{"taxonomy":"product_cat","embeddable":true,"href":"https:\/\/explorial.com\/pt-pt\/wp-json\/wp\/v2\/product_cat?post=156126"},{"taxonomy":"product_tag","embeddable":true,"href":"https:\/\/explorial.com\/pt-pt\/wp-json\/wp\/v2\/product_tag?post=156126"}],"curies":[{"name":"wp","href":"https:\/\/api.w.org\/{rel}","templated":true}]}}