{"id":155836,"date":"2023-12-11T13:09:42","date_gmt":"2023-12-11T13:09:42","guid":{"rendered":"https:\/\/explorial.com\/trails\/visita-a-cidade-faro-1\/"},"modified":"2024-09-17T13:43:42","modified_gmt":"2024-09-17T13:43:42","slug":"visita-a-cidade-faro-1","status":"publish","type":"product","link":"https:\/\/explorial.com\/pt-pt\/trails\/visita-a-cidade-faro-1\/","title":{"rendered":"Faro"},"content":{"rendered":"","protected":false},"excerpt":{"rendered":"","protected":false},"featured_media":155770,"comment_status":"open","ping_status":"closed","template":"","meta":{"_acf_changed":false},"product_brand":[],"product_cat":[2807,399],"product_tag":[2180],"class_list":{"0":"post-155836","1":"product","2":"type-product","3":"status-publish","4":"has-post-thumbnail","6":"product_cat-algarve-pt","7":"product_cat-portugal-pt","8":"product_tag-faro-pt","10":"first","11":"instock","12":"sale","13":"taxable","14":"shipping-taxable","15":"purchasable","16":"product-type-variable"},"acf":{"city_name":"Faro","city_name_display":"Faro","languages":"Portugu\u00eas, Ingl\u00eas","duration":"cerca de 1.5 - 2 horas","description_1":"","description_2":"","city_description":"Bem-vindo a Faro, a capital do Algarve. De origem pr\u00e9-romana, Faro foi, em tempos, um dos mais importantes centros urbanos do sul da Pen\u00ednsula Ib\u00e9rica. Ao caminhar pelas suas ruas, depressa se chega \u00e0 parte antiga da cidade, rodeada ainda pelas muralhas de origem romana. Aqui, d\u00e1-se in\u00edcio \u00e0 viagem de descoberta da sua hist\u00f3ria. A beleza e proximidade ao mar fazem desta cidade um lugar que n\u00e3o dispensa uma visita.","short_description":"","notes":"","header_image":155764,"highlight_locations":"Igreja de Santa Maria, Arco da Vila, Pal\u00e1cio Belmar\u00e7o","additional_wheelchair":"","voucher_link":"","start_location_coordinates":"37.0123, -7.9355","start_location_name":"Rosa dos Ventos","start_location_address":"R. Cmte. Francisco Manuel, 8000-250 Faro, Portugal","end_location_name":"Marina de Faro","partner_object":null},"_links":{"self":[{"href":"https:\/\/explorial.com\/pt-pt\/wp-json\/wp\/v2\/product\/155836","targetHints":{"allow":["GET"]}}],"collection":[{"href":"https:\/\/explorial.com\/pt-pt\/wp-json\/wp\/v2\/product"}],"about":[{"href":"https:\/\/explorial.com\/pt-pt\/wp-json\/wp\/v2\/types\/product"}],"replies":[{"embeddable":true,"href":"https:\/\/explorial.com\/pt-pt\/wp-json\/wp\/v2\/comments?post=155836"}],"wp:featuredmedia":[{"embeddable":true,"href":"https:\/\/explorial.com\/pt-pt\/wp-json\/wp\/v2\/media\/155770"}],"wp:attachment":[{"href":"https:\/\/explorial.com\/pt-pt\/wp-json\/wp\/v2\/media?parent=155836"}],"wp:term":[{"taxonomy":"product_brand","embeddable":true,"href":"https:\/\/explorial.com\/pt-pt\/wp-json\/wp\/v2\/product_brand?post=155836"},{"taxonomy":"product_cat","embeddable":true,"href":"https:\/\/explorial.com\/pt-pt\/wp-json\/wp\/v2\/product_cat?post=155836"},{"taxonomy":"product_tag","embeddable":true,"href":"https:\/\/explorial.com\/pt-pt\/wp-json\/wp\/v2\/product_tag?post=155836"}],"curies":[{"name":"wp","href":"https:\/\/api.w.org\/{rel}","templated":true}]}}