{"id":121889,"date":"2023-09-27T13:32:09","date_gmt":"2023-09-27T13:32:09","guid":{"rendered":"https:\/\/explorial.com\/trails\/visita-a-cidade-rio-de-janeiro-2\/"},"modified":"2024-09-09T09:59:56","modified_gmt":"2024-09-09T09:59:56","slug":"visita-a-cidade-rio-de-janeiro-2","status":"publish","type":"product","link":"https:\/\/explorial.com\/pt-pt\/trails\/visita-a-cidade-rio-de-janeiro-2\/","title":{"rendered":"Rio de Janeiro (Urca)"},"content":{"rendered":"","protected":false},"excerpt":{"rendered":"","protected":false},"featured_media":121490,"comment_status":"open","ping_status":"closed","template":"","meta":{"_acf_changed":false},"product_brand":[],"product_cat":[1634,1640],"product_tag":[2028],"class_list":{"0":"post-121889","1":"product","2":"type-product","3":"status-publish","4":"has-post-thumbnail","6":"product_cat-brazil-pt","7":"product_cat-southeast-region-pt","8":"product_tag-rio-de-janeiro-pt","10":"first","11":"instock","12":"sale","13":"taxable","14":"shipping-taxable","15":"purchasable","16":"product-type-variable"},"acf":{"city_name":"Rio de Janeiro","city_name_display":"Rio de Janeiro (Urca)","languages":"Portugu\u00eas, Espanhol, Ingl\u00eas","duration":"cerca de 1.5 - 2 horas","description_1":"","description_2":"","city_description":"Paisagens exuberantes e o passado remoto do Rio de Janeiro se encontram na Urca, a regi\u00e3o onde nasceu a cidade. Descubra a extraordin\u00e1ria hist\u00f3ria deste lugar e se divirta explorando alguns dos pontos tur\u00edsticos mais charmosos do Rio enquanto aprecia vistas de cart\u00e3o-postal como a Ba\u00eda de Guanabara, o Corcovado e o P\u00e3o de A\u00e7\u00facar. A Urca tem tudo isso e mais: \u00e9 um destino imperd\u00edvel para conhecer a fundo como o Rio se tornou Brasil.","short_description":"","notes":"","header_image":121467,"highlight_locations":"Mureta da Urca, Museu de Ci\u00eancias da Terra, Praia Vermelha","additional_wheelchair":"","voucher_link":"","start_location_coordinates":"-22.94596, -43.16247","start_location_name":"Pra\u00e7a Raul Guedes","start_location_address":"Pra\u00e7a Raul Guedes, 22291-200, Brasil","end_location_name":"Praia Vermelha","partner_object":null},"_links":{"self":[{"href":"https:\/\/explorial.com\/pt-pt\/wp-json\/wp\/v2\/product\/121889","targetHints":{"allow":["GET"]}}],"collection":[{"href":"https:\/\/explorial.com\/pt-pt\/wp-json\/wp\/v2\/product"}],"about":[{"href":"https:\/\/explorial.com\/pt-pt\/wp-json\/wp\/v2\/types\/product"}],"replies":[{"embeddable":true,"href":"https:\/\/explorial.com\/pt-pt\/wp-json\/wp\/v2\/comments?post=121889"}],"wp:featuredmedia":[{"embeddable":true,"href":"https:\/\/explorial.com\/pt-pt\/wp-json\/wp\/v2\/media\/121490"}],"wp:attachment":[{"href":"https:\/\/explorial.com\/pt-pt\/wp-json\/wp\/v2\/media?parent=121889"}],"wp:term":[{"taxonomy":"product_brand","embeddable":true,"href":"https:\/\/explorial.com\/pt-pt\/wp-json\/wp\/v2\/product_brand?post=121889"},{"taxonomy":"product_cat","embeddable":true,"href":"https:\/\/explorial.com\/pt-pt\/wp-json\/wp\/v2\/product_cat?post=121889"},{"taxonomy":"product_tag","embeddable":true,"href":"https:\/\/explorial.com\/pt-pt\/wp-json\/wp\/v2\/product_tag?post=121889"}],"curies":[{"name":"wp","href":"https:\/\/api.w.org\/{rel}","templated":true}]}}