{"id":120262,"date":"2023-09-27T13:24:11","date_gmt":"2023-09-27T13:24:11","guid":{"rendered":"https:\/\/explorial.com\/trails\/visita-a-cidade-sao-francisco-1\/"},"modified":"2024-09-10T12:31:25","modified_gmt":"2024-09-10T12:31:25","slug":"visita-a-cidade-sao-francisco-1","status":"publish","type":"product","link":"https:\/\/explorial.com\/pt-pt\/trails\/visita-a-cidade-sao-francisco-1\/","title":{"rendered":"S\u00e3o Francisco (District 3)"},"content":{"rendered":"","protected":false},"excerpt":{"rendered":"","protected":false},"featured_media":120134,"comment_status":"open","ping_status":"closed","template":"","meta":{"_acf_changed":false},"product_brand":[],"product_cat":[1660,1044],"product_tag":[2022],"class_list":{"0":"post-120262","1":"product","2":"type-product","3":"status-publish","4":"has-post-thumbnail","6":"product_cat-california-pt","7":"product_cat-united-states-pt","8":"product_tag-san-francisco-pt","10":"first","11":"instock","12":"sale","13":"taxable","14":"shipping-taxable","15":"purchasable","16":"product-type-variable"},"acf":{"city_name":"S\u00e3o Francisco","city_name_display":"S\u00e3o Francisco (District 3)","languages":"Ingl\u00eas","duration":"cerca de 1.5 - 2 horas","description_1":"","description_2":"","city_description":"","short_description":"","notes":"","header_image":120128,"highlight_locations":"City Lights Booksellers and Publishers, Transamerica Pyramid, Cafe Zoetrope","additional_wheelchair":"","voucher_link":"","start_location_coordinates":"37.79226, -122.41214","start_location_name":"Huntington Park","start_location_address":"California St & Taylor St, San Francisco, CA 94108, United States","end_location_name":"Transamerica Pyramid","partner_object":null},"_links":{"self":[{"href":"https:\/\/explorial.com\/pt-pt\/wp-json\/wp\/v2\/product\/120262","targetHints":{"allow":["GET"]}}],"collection":[{"href":"https:\/\/explorial.com\/pt-pt\/wp-json\/wp\/v2\/product"}],"about":[{"href":"https:\/\/explorial.com\/pt-pt\/wp-json\/wp\/v2\/types\/product"}],"replies":[{"embeddable":true,"href":"https:\/\/explorial.com\/pt-pt\/wp-json\/wp\/v2\/comments?post=120262"}],"wp:featuredmedia":[{"embeddable":true,"href":"https:\/\/explorial.com\/pt-pt\/wp-json\/wp\/v2\/media\/120134"}],"wp:attachment":[{"href":"https:\/\/explorial.com\/pt-pt\/wp-json\/wp\/v2\/media?parent=120262"}],"wp:term":[{"taxonomy":"product_brand","embeddable":true,"href":"https:\/\/explorial.com\/pt-pt\/wp-json\/wp\/v2\/product_brand?post=120262"},{"taxonomy":"product_cat","embeddable":true,"href":"https:\/\/explorial.com\/pt-pt\/wp-json\/wp\/v2\/product_cat?post=120262"},{"taxonomy":"product_tag","embeddable":true,"href":"https:\/\/explorial.com\/pt-pt\/wp-json\/wp\/v2\/product_tag?post=120262"}],"curies":[{"name":"wp","href":"https:\/\/api.w.org\/{rel}","templated":true}]}}