{"id":118384,"date":"2023-09-27T13:00:17","date_gmt":"2023-09-27T13:00:17","guid":{"rendered":"https:\/\/explorial.com\/trails\/visita-a-cidade-amesterdao-2\/"},"modified":"2024-09-10T08:14:12","modified_gmt":"2024-09-10T08:14:12","slug":"visita-a-cidade-amesterdao-2","status":"publish","type":"product","link":"https:\/\/explorial.com\/pt-pt\/trails\/visita-a-cidade-amesterdao-2\/","title":{"rendered":"Amesterd\u00e3o (Museum Quarter)"},"content":{"rendered":"","protected":false},"excerpt":{"rendered":"","protected":false},"featured_media":118226,"comment_status":"open","ping_status":"closed","template":"","meta":{"_acf_changed":false},"product_brand":[],"product_cat":[1962,1793],"product_tag":[1955],"class_list":{"0":"post-118384","1":"product","2":"type-product","3":"status-publish","4":"has-post-thumbnail","6":"product_cat-north-holland-pt","7":"product_cat-netherlands-pt","8":"product_tag-amsterdam-ch","10":"first","11":"instock","12":"sale","13":"taxable","14":"shipping-taxable","15":"purchasable","16":"product-type-variable"},"acf":{"city_name":"Amesterd\u00e3o","city_name_display":"Amesterd\u00e3o (Museum Quarter)","languages":"Ingl\u00eas","duration":"cerca de 1.5 - 2 horas","description_1":"","description_2":"","city_description":"","short_description":"","notes":"","header_image":241605,"highlight_locations":"Van Gogh Museum, Rijksmuseum, Seven Country Houses","additional_wheelchair":"","voucher_link":"","start_location_coordinates":"52.35775, 4.88079","start_location_name":"Mirroring cube","start_location_address":"Museumplein 6, 1071 DJ Amsterdam","end_location_name":"Vondel Church","partner_object":null},"_links":{"self":[{"href":"https:\/\/explorial.com\/pt-pt\/wp-json\/wp\/v2\/product\/118384","targetHints":{"allow":["GET"]}}],"collection":[{"href":"https:\/\/explorial.com\/pt-pt\/wp-json\/wp\/v2\/product"}],"about":[{"href":"https:\/\/explorial.com\/pt-pt\/wp-json\/wp\/v2\/types\/product"}],"replies":[{"embeddable":true,"href":"https:\/\/explorial.com\/pt-pt\/wp-json\/wp\/v2\/comments?post=118384"}],"wp:featuredmedia":[{"embeddable":true,"href":"https:\/\/explorial.com\/pt-pt\/wp-json\/wp\/v2\/media\/118226"}],"wp:attachment":[{"href":"https:\/\/explorial.com\/pt-pt\/wp-json\/wp\/v2\/media?parent=118384"}],"wp:term":[{"taxonomy":"product_brand","embeddable":true,"href":"https:\/\/explorial.com\/pt-pt\/wp-json\/wp\/v2\/product_brand?post=118384"},{"taxonomy":"product_cat","embeddable":true,"href":"https:\/\/explorial.com\/pt-pt\/wp-json\/wp\/v2\/product_cat?post=118384"},{"taxonomy":"product_tag","embeddable":true,"href":"https:\/\/explorial.com\/pt-pt\/wp-json\/wp\/v2\/product_tag?post=118384"}],"curies":[{"name":"wp","href":"https:\/\/api.w.org\/{rel}","templated":true}]}}