{"id":114095,"date":"2023-09-12T08:26:05","date_gmt":"2023-09-12T08:26:05","guid":{"rendered":"https:\/\/explorial.com\/trails\/visita-a-cidade-estocolmo-1\/"},"modified":"2024-09-10T09:24:34","modified_gmt":"2024-09-10T09:24:34","slug":"visita-a-cidade-estocolmo-1","status":"publish","type":"product","link":"https:\/\/explorial.com\/pt-pt\/trails\/visita-a-cidade-estocolmo-1\/","title":{"rendered":"Estocolmo"},"content":{"rendered":"","protected":false},"excerpt":{"rendered":"","protected":false},"featured_media":113973,"comment_status":"open","ping_status":"closed","template":"","meta":{"_acf_changed":false},"product_brand":[],"product_cat":[1898,1892],"product_tag":[1885],"class_list":{"0":"post-114095","1":"product","2":"type-product","3":"status-publish","4":"has-post-thumbnail","6":"product_cat-stockholm-county-pt","7":"product_cat-sweden-pt","8":"product_tag-stockholm-ch","10":"first","11":"instock","12":"sale","13":"taxable","14":"shipping-taxable","15":"purchasable","16":"product-type-variable"},"acf":{"city_name":"Estocolmo","city_name_display":"Estocolmo","languages":"Ingl\u00eas","duration":"cerca de 1.5 - 2 horas","description_1":"","description_2":"","city_description":"","short_description":"","notes":"","header_image":113967,"highlight_locations":"The Royal Palace, Royal Swedish Opera, Uppland runic inscription 53","additional_wheelchair":"","voucher_link":"","start_location_coordinates":"59.33112, 18.07159 ","start_location_name":"Kungstr\u00e4dg\u00e5rden","start_location_address":"Jussi Bj\u00f6rlings all\u00e9, 111 47 Stockholm, Sweden","end_location_name":"Riddarholmen","partner_object":null},"_links":{"self":[{"href":"https:\/\/explorial.com\/pt-pt\/wp-json\/wp\/v2\/product\/114095","targetHints":{"allow":["GET"]}}],"collection":[{"href":"https:\/\/explorial.com\/pt-pt\/wp-json\/wp\/v2\/product"}],"about":[{"href":"https:\/\/explorial.com\/pt-pt\/wp-json\/wp\/v2\/types\/product"}],"replies":[{"embeddable":true,"href":"https:\/\/explorial.com\/pt-pt\/wp-json\/wp\/v2\/comments?post=114095"}],"wp:featuredmedia":[{"embeddable":true,"href":"https:\/\/explorial.com\/pt-pt\/wp-json\/wp\/v2\/media\/113973"}],"wp:attachment":[{"href":"https:\/\/explorial.com\/pt-pt\/wp-json\/wp\/v2\/media?parent=114095"}],"wp:term":[{"taxonomy":"product_brand","embeddable":true,"href":"https:\/\/explorial.com\/pt-pt\/wp-json\/wp\/v2\/product_brand?post=114095"},{"taxonomy":"product_cat","embeddable":true,"href":"https:\/\/explorial.com\/pt-pt\/wp-json\/wp\/v2\/product_cat?post=114095"},{"taxonomy":"product_tag","embeddable":true,"href":"https:\/\/explorial.com\/pt-pt\/wp-json\/wp\/v2\/product_tag?post=114095"}],"curies":[{"name":"wp","href":"https:\/\/api.w.org\/{rel}","templated":true}]}}