{"id":113339,"date":"2023-09-12T08:12:06","date_gmt":"2023-09-12T08:12:06","guid":{"rendered":"https:\/\/explorial.com\/trails\/visita-a-cidade-recife-1\/"},"modified":"2024-09-09T10:24:00","modified_gmt":"2024-09-09T10:24:00","slug":"visita-a-cidade-recife-1","status":"publish","type":"product","link":"https:\/\/explorial.com\/pt-pt\/trails\/visita-a-cidade-recife-1\/","title":{"rendered":"Recife (Centro Hist\u00f3rico)"},"content":{"rendered":"","protected":false},"excerpt":{"rendered":"","protected":false},"featured_media":113217,"comment_status":"open","ping_status":"closed","template":"","meta":{"_acf_changed":false},"product_brand":[],"product_cat":[1634,1862],"product_tag":[1867],"class_list":{"0":"post-113339","1":"product","2":"type-product","3":"status-publish","4":"has-post-thumbnail","6":"product_cat-brazil-pt","7":"product_cat-northeast-region-pt","8":"product_tag-recife-ch","10":"first","11":"instock","12":"sale","13":"taxable","14":"shipping-taxable","15":"purchasable","16":"product-type-variable"},"acf":{"city_name":"Recife","city_name_display":"Recife (Centro Hist\u00f3rico)","languages":"Espanhol, Ingl\u00eas, Portugu\u00eas","duration":"cerca de 1.5 - 2 horas","description_1":"","description_2":"","city_description":"Recife Antigo \u00e9 um bairro de grande import\u00e2ncia hist\u00f3rica, localizado na cidade do Recife, capital do estado de Pernambuco. Al\u00e9m de suas belezas naturais, a regi\u00e3o oferece muitos atrativos culturais, especialmente na \u00e1rea de m\u00fasica, dan\u00e7a, tradi\u00e7\u00f5es populares e casar\u00f5es hist\u00f3ricos. Esta regi\u00e3o \u00e9 uma das \u00e1reas mais visitadas do nordeste brasileiro.","short_description":"","notes":"","header_image":113211,"highlight_locations":"Marco Zero, Rua do Bom Jesus, Igreja da Madre de Deus","additional_wheelchair":"","voucher_link":"","start_location_coordinates":"-8.06606, -34.87388","start_location_name":"Obelisco Portugu\u00eas","start_location_address":"Obelisco Portugu\u00eas, 50030-230, Brasil","end_location_name":"Marco Zero","partner_object":null},"_links":{"self":[{"href":"https:\/\/explorial.com\/pt-pt\/wp-json\/wp\/v2\/product\/113339","targetHints":{"allow":["GET"]}}],"collection":[{"href":"https:\/\/explorial.com\/pt-pt\/wp-json\/wp\/v2\/product"}],"about":[{"href":"https:\/\/explorial.com\/pt-pt\/wp-json\/wp\/v2\/types\/product"}],"replies":[{"embeddable":true,"href":"https:\/\/explorial.com\/pt-pt\/wp-json\/wp\/v2\/comments?post=113339"}],"wp:featuredmedia":[{"embeddable":true,"href":"https:\/\/explorial.com\/pt-pt\/wp-json\/wp\/v2\/media\/113217"}],"wp:attachment":[{"href":"https:\/\/explorial.com\/pt-pt\/wp-json\/wp\/v2\/media?parent=113339"}],"wp:term":[{"taxonomy":"product_brand","embeddable":true,"href":"https:\/\/explorial.com\/pt-pt\/wp-json\/wp\/v2\/product_brand?post=113339"},{"taxonomy":"product_cat","embeddable":true,"href":"https:\/\/explorial.com\/pt-pt\/wp-json\/wp\/v2\/product_cat?post=113339"},{"taxonomy":"product_tag","embeddable":true,"href":"https:\/\/explorial.com\/pt-pt\/wp-json\/wp\/v2\/product_tag?post=113339"}],"curies":[{"name":"wp","href":"https:\/\/api.w.org\/{rel}","templated":true}]}}