{"id":107547,"date":"2023-08-14T14:37:54","date_gmt":"2023-08-14T14:37:54","guid":{"rendered":"https:\/\/explorial.com\/trails\/visita-a-cidade-porto-2\/"},"modified":"2024-09-17T13:15:07","modified_gmt":"2024-09-17T13:15:07","slug":"visita-a-cidade-porto-2","status":"publish","type":"product","link":"https:\/\/explorial.com\/pt-pt\/trails\/visita-a-cidade-porto-2\/","title":{"rendered":"Porto (Gaia)"},"content":{"rendered":"","protected":false},"excerpt":{"rendered":"","protected":false},"featured_media":107425,"comment_status":"open","ping_status":"closed","template":"","meta":{"_acf_changed":false},"product_brand":[],"product_cat":[401,399],"product_tag":[393],"class_list":{"0":"post-107547","1":"product","2":"type-product","3":"status-publish","4":"has-post-thumbnail","6":"product_cat-northern-portugal-pt","7":"product_cat-portugal-pt","8":"product_tag-porto-pt","10":"first","11":"instock","12":"sale","13":"taxable","14":"shipping-taxable","15":"purchasable","16":"product-type-variable"},"acf":{"city_name":"Porto","city_name_display":"Porto (Gaia)","languages":"Portugu\u00eas, Ingl\u00eas","duration":"cerca de 1.5 - 2 horas","description_1":"","description_2":"","city_description":"O Porto \u00e9 uma cidade rica em hist\u00f3ria e mundialmente reconhecido pelas ruas pitorescas e pelo vinho do Porto. Ao atravessar a ic\u00f3nica Ponte Lu\u00eds I, chegamos a Vila Nova de Gaia, famosa pelas suas caves de vinho e vistas magn\u00edficas sobre o Porto. Juntas, formam um retrato vibrante de cultura e hist\u00f3ria. Por estes motivos e mais alguns, ambas n\u00e3o dispensam uma visita!","short_description":"","notes":"","header_image":107419,"highlight_locations":"Ponte Lu\u00eds I, Jardim do Morro, Teatro Nacional de S\u00e3o Jo\u00e3o","additional_wheelchair":"","voucher_link":"","start_location_coordinates":"41.14883, -8.60773","start_location_name":"Casa Hort\u00edcola","start_location_address":"Rua de S\u00e1 da Bandeira 304, 4000-429, Porto, Portugal","end_location_name":"Caves Cal\u00e9m","partner_object":null},"_links":{"self":[{"href":"https:\/\/explorial.com\/pt-pt\/wp-json\/wp\/v2\/product\/107547","targetHints":{"allow":["GET"]}}],"collection":[{"href":"https:\/\/explorial.com\/pt-pt\/wp-json\/wp\/v2\/product"}],"about":[{"href":"https:\/\/explorial.com\/pt-pt\/wp-json\/wp\/v2\/types\/product"}],"replies":[{"embeddable":true,"href":"https:\/\/explorial.com\/pt-pt\/wp-json\/wp\/v2\/comments?post=107547"}],"wp:featuredmedia":[{"embeddable":true,"href":"https:\/\/explorial.com\/pt-pt\/wp-json\/wp\/v2\/media\/107425"}],"wp:attachment":[{"href":"https:\/\/explorial.com\/pt-pt\/wp-json\/wp\/v2\/media?parent=107547"}],"wp:term":[{"taxonomy":"product_brand","embeddable":true,"href":"https:\/\/explorial.com\/pt-pt\/wp-json\/wp\/v2\/product_brand?post=107547"},{"taxonomy":"product_cat","embeddable":true,"href":"https:\/\/explorial.com\/pt-pt\/wp-json\/wp\/v2\/product_cat?post=107547"},{"taxonomy":"product_tag","embeddable":true,"href":"https:\/\/explorial.com\/pt-pt\/wp-json\/wp\/v2\/product_tag?post=107547"}],"curies":[{"name":"wp","href":"https:\/\/api.w.org\/{rel}","templated":true}]}}