{"id":102170,"date":"2023-07-27T09:11:48","date_gmt":"2023-07-27T09:11:48","guid":{"rendered":"https:\/\/explorial.com\/trails\/visita-a-cidade-napoles-1\/"},"modified":"2024-09-17T12:35:16","modified_gmt":"2024-09-17T12:35:16","slug":"visita-a-cidade-napoles-1","status":"publish","type":"product","link":"https:\/\/explorial.com\/pt-pt\/trails\/visita-a-cidade-napoles-1\/","title":{"rendered":"N\u00e1poles (Distretto Vomero)"},"content":{"rendered":"","protected":false},"excerpt":{"rendered":"","protected":false},"featured_media":102048,"comment_status":"open","ping_status":"closed","template":"","meta":{"_acf_changed":false},"product_brand":[],"product_cat":[1683,1434],"product_tag":[1676],"class_list":{"0":"post-102170","1":"product","2":"type-product","3":"status-publish","4":"has-post-thumbnail","6":"product_cat-campania-pt","7":"product_cat-italy-pt","8":"product_tag-naples-ch","10":"first","11":"instock","12":"sale","13":"taxable","14":"shipping-taxable","15":"purchasable","16":"product-type-variable"},"acf":{"city_name":"N\u00e1poles","city_name_display":"N\u00e1poles (Distretto Vomero)","languages":"Ingl\u00eas, Italiano","duration":"cerca de 1.5 - 2 horas","description_1":"","description_2":"","city_description":"","short_description":"","notes":"","header_image":102449,"highlight_locations":"Castel Sant\u2019Elmo, Gradini del Petraio, Via Luigia Sanfelice","additional_wheelchair":"","voucher_link":"","start_location_coordinates":"40.84778, 14.22821","start_location_name":"Piazza degli Artisti","start_location_address":"Piazza degli Artisti, 80129 Napoli, Italia","end_location_name":"Belvedere di San Martino","partner_object":null},"_links":{"self":[{"href":"https:\/\/explorial.com\/pt-pt\/wp-json\/wp\/v2\/product\/102170","targetHints":{"allow":["GET"]}}],"collection":[{"href":"https:\/\/explorial.com\/pt-pt\/wp-json\/wp\/v2\/product"}],"about":[{"href":"https:\/\/explorial.com\/pt-pt\/wp-json\/wp\/v2\/types\/product"}],"replies":[{"embeddable":true,"href":"https:\/\/explorial.com\/pt-pt\/wp-json\/wp\/v2\/comments?post=102170"}],"wp:featuredmedia":[{"embeddable":true,"href":"https:\/\/explorial.com\/pt-pt\/wp-json\/wp\/v2\/media\/102048"}],"wp:attachment":[{"href":"https:\/\/explorial.com\/pt-pt\/wp-json\/wp\/v2\/media?parent=102170"}],"wp:term":[{"taxonomy":"product_brand","embeddable":true,"href":"https:\/\/explorial.com\/pt-pt\/wp-json\/wp\/v2\/product_brand?post=102170"},{"taxonomy":"product_cat","embeddable":true,"href":"https:\/\/explorial.com\/pt-pt\/wp-json\/wp\/v2\/product_cat?post=102170"},{"taxonomy":"product_tag","embeddable":true,"href":"https:\/\/explorial.com\/pt-pt\/wp-json\/wp\/v2\/product_tag?post=102170"}],"curies":[{"name":"wp","href":"https:\/\/api.w.org\/{rel}","templated":true}]}}