{"id":99864,"date":"2023-07-11T14:34:19","date_gmt":"2023-07-11T14:34:19","guid":{"rendered":"https:\/\/explorial.com\/trails\/tour-de-ville-sao-paulo-1\/"},"modified":"2024-09-09T10:13:50","modified_gmt":"2024-09-09T10:13:50","slug":"tour-de-ville-sao-paulo-1","status":"publish","type":"product","link":"https:\/\/explorial.com\/fr\/trails\/tour-de-ville-sao-paulo-1\/","title":{"rendered":"S\u00e3o Paulo (Parque do Ibirapuera)"},"content":{"rendered":"","protected":false},"excerpt":{"rendered":"","protected":false},"featured_media":99683,"comment_status":"open","ping_status":"closed","template":"","meta":{"_acf_changed":false},"product_brand":[],"product_cat":[1636,1642],"product_tag":[1647],"class_list":{"0":"post-99864","1":"product","2":"type-product","3":"status-publish","4":"has-post-thumbnail","6":"product_cat-brazil-fr","7":"product_cat-southeast-region-fr","8":"product_tag-sao-paulo-es","10":"first","11":"instock","12":"sale","13":"taxable","14":"shipping-taxable","15":"purchasable","16":"product-type-variable"},"acf":{"city_name":"S\u00e3o Paulo","city_name_display":"S\u00e3o Paulo (Parque do Ibirapuera)","languages":"Portugais, Anglais, Espagnol","duration":"environ 1,5 \u00e0 2 heures","description_1":"","description_2":"","city_description":"","short_description":"","notes":"","header_image":99677,"highlight_locations":"Audit\u00f3rio Ibirapuera, Museu Afro Brasil, MAM - Museu de Arte Moderna","additional_wheelchair":"Malheureusement, cette piste n\u2019est que partiellement adapt\u00e9e aux fauteuils roulants et aux poussettes en raison de ses pentes et de ses escaliers. Cependant, la piste peut \u00eatre jou\u00e9e, mais certains endroits peuvent \u00eatre plus difficiles d\u2019acc\u00e8s.","voucher_link":"","start_location_coordinates":"-23.57988, -46.66087","start_location_name":"Monumento \u00e0s Bandeiras","start_location_address":"Pra\u00e7a Armando de Sales Oliveira, Vila Mariana, S\u00e3o Paulo, Brasil","end_location_name":"Audit\u00f3rio Ibirapuera","partner_object":null},"_links":{"self":[{"href":"https:\/\/explorial.com\/fr\/wp-json\/wp\/v2\/product\/99864","targetHints":{"allow":["GET"]}}],"collection":[{"href":"https:\/\/explorial.com\/fr\/wp-json\/wp\/v2\/product"}],"about":[{"href":"https:\/\/explorial.com\/fr\/wp-json\/wp\/v2\/types\/product"}],"replies":[{"embeddable":true,"href":"https:\/\/explorial.com\/fr\/wp-json\/wp\/v2\/comments?post=99864"}],"wp:featuredmedia":[{"embeddable":true,"href":"https:\/\/explorial.com\/fr\/wp-json\/wp\/v2\/media\/99683"}],"wp:attachment":[{"href":"https:\/\/explorial.com\/fr\/wp-json\/wp\/v2\/media?parent=99864"}],"wp:term":[{"taxonomy":"product_brand","embeddable":true,"href":"https:\/\/explorial.com\/fr\/wp-json\/wp\/v2\/product_brand?post=99864"},{"taxonomy":"product_cat","embeddable":true,"href":"https:\/\/explorial.com\/fr\/wp-json\/wp\/v2\/product_cat?post=99864"},{"taxonomy":"product_tag","embeddable":true,"href":"https:\/\/explorial.com\/fr\/wp-json\/wp\/v2\/product_tag?post=99864"}],"curies":[{"name":"wp","href":"https:\/\/api.w.org\/{rel}","templated":true}]}}