{"id":98519,"date":"2023-07-10T11:57:33","date_gmt":"2023-07-10T11:57:33","guid":{"rendered":"https:\/\/explorial.com\/trails\/tour-de-ville-ville-de-mexico-2\/"},"modified":"2024-09-10T07:51:43","modified_gmt":"2024-09-10T07:51:43","slug":"tour-de-ville-ville-de-mexico-2","status":"publish","type":"product","link":"https:\/\/explorial.com\/fr\/trails\/tour-de-ville-ville-de-mexico-2\/","title":{"rendered":"Ville de Mexico (Coyoacan)"},"content":{"rendered":"","protected":false},"excerpt":{"rendered":"","protected":false},"featured_media":98338,"comment_status":"open","ping_status":"closed","template":"","meta":{"_acf_changed":false},"product_brand":[],"product_cat":[1594,1338],"product_tag":[1587],"class_list":{"0":"post-98519","1":"product","2":"type-product","3":"status-publish","4":"has-post-thumbnail","6":"product_cat-central-mexico-fr","7":"product_cat-mexico-fr","8":"product_tag-mexico-city-es","10":"first","11":"instock","12":"sale","13":"taxable","14":"shipping-taxable","15":"purchasable","16":"product-type-variable"},"acf":{"city_name":"Ville de Mexico","city_name_display":"Ville de Mexico (Coyoacan)","languages":"Allemand, Anglais","duration":"environ 1,5 \u00e0 2 heures","description_1":"","description_2":"","city_description":"","short_description":"","notes":"","header_image":98332,"highlight_locations":"Fuente de los Coyotes, Arcos del ex convento de San Juan Bautista, Casa Azul","additional_wheelchair":"Malheureusement, cette piste n\u2019est que partiellement adapt\u00e9e aux fauteuils roulants et aux poussettes en raison de ses pentes et de ses escaliers. Cependant, la piste peut \u00eatre jou\u00e9e, mais certains endroits peuvent \u00eatre plus difficiles d\u2019acc\u00e8s.","voucher_link":"","start_location_coordinates":"19.35064, -99.17843","start_location_name":"Coyoac\u00e1n","start_location_address":"Cjon. del R\u00edo 1531, 04010 Ciudad de M\u00e9xico, CDMX, Mexico","end_location_name":"Casa Azul","partner_object":null},"_links":{"self":[{"href":"https:\/\/explorial.com\/fr\/wp-json\/wp\/v2\/product\/98519","targetHints":{"allow":["GET"]}}],"collection":[{"href":"https:\/\/explorial.com\/fr\/wp-json\/wp\/v2\/product"}],"about":[{"href":"https:\/\/explorial.com\/fr\/wp-json\/wp\/v2\/types\/product"}],"replies":[{"embeddable":true,"href":"https:\/\/explorial.com\/fr\/wp-json\/wp\/v2\/comments?post=98519"}],"wp:featuredmedia":[{"embeddable":true,"href":"https:\/\/explorial.com\/fr\/wp-json\/wp\/v2\/media\/98338"}],"wp:attachment":[{"href":"https:\/\/explorial.com\/fr\/wp-json\/wp\/v2\/media?parent=98519"}],"wp:term":[{"taxonomy":"product_brand","embeddable":true,"href":"https:\/\/explorial.com\/fr\/wp-json\/wp\/v2\/product_brand?post=98519"},{"taxonomy":"product_cat","embeddable":true,"href":"https:\/\/explorial.com\/fr\/wp-json\/wp\/v2\/product_cat?post=98519"},{"taxonomy":"product_tag","embeddable":true,"href":"https:\/\/explorial.com\/fr\/wp-json\/wp\/v2\/product_tag?post=98519"}],"curies":[{"name":"wp","href":"https:\/\/api.w.org\/{rel}","templated":true}]}}