{"id":98303,"date":"2023-07-10T11:52:42","date_gmt":"2023-07-10T11:52:42","guid":{"rendered":"https:\/\/explorial.com\/trails\/tour-de-ville-ville-de-mexico-1\/"},"modified":"2024-09-10T07:55:14","modified_gmt":"2024-09-10T07:55:14","slug":"tour-de-ville-ville-de-mexico-1","status":"publish","type":"product","link":"https:\/\/explorial.com\/fr\/trails\/tour-de-ville-ville-de-mexico-1\/","title":{"rendered":"Ville de Mexico (Historic Centre)"},"content":{"rendered":"","protected":false},"excerpt":{"rendered":"","protected":false},"featured_media":98122,"comment_status":"open","ping_status":"closed","template":"","meta":{"_acf_changed":false},"product_brand":[],"product_cat":[1594,1338],"product_tag":[1587],"class_list":{"0":"post-98303","1":"product","2":"type-product","3":"status-publish","4":"has-post-thumbnail","6":"product_cat-central-mexico-fr","7":"product_cat-mexico-fr","8":"product_tag-mexico-city-es","10":"first","11":"instock","12":"sale","13":"taxable","14":"shipping-taxable","15":"purchasable","16":"product-type-variable"},"acf":{"city_name":"Ville de Mexico","city_name_display":"Ville de Mexico (Historic Centre)","languages":"Allemand, Anglais","duration":"environ 1,5 \u00e0 2 heures","description_1":"","description_2":"","city_description":"","short_description":"","notes":"","header_image":98116,"highlight_locations":"Palacio Postal, Palacio Nacional, Casa de los Azulejos","additional_wheelchair":"Malheureusement, cette piste n\u2019est que partiellement adapt\u00e9e aux fauteuils roulants et aux poussettes en raison de ses pentes et de ses escaliers. Cependant, la piste peut \u00eatre jou\u00e9e, mais certains endroits peuvent \u00eatre plus difficiles d\u2019acc\u00e8s.","voucher_link":"","start_location_coordinates":"19.43121, -99.13247","start_location_name":"Z\u00f3calo\/Tenochtitlan","start_location_address":"Jos\u00e9 Mar\u00eda Pino Su\u00e1rez & Calle de Venustiano Carranza, 06060 Mexico","end_location_name":"Casa de los Azulejos","partner_object":null},"_links":{"self":[{"href":"https:\/\/explorial.com\/fr\/wp-json\/wp\/v2\/product\/98303","targetHints":{"allow":["GET"]}}],"collection":[{"href":"https:\/\/explorial.com\/fr\/wp-json\/wp\/v2\/product"}],"about":[{"href":"https:\/\/explorial.com\/fr\/wp-json\/wp\/v2\/types\/product"}],"replies":[{"embeddable":true,"href":"https:\/\/explorial.com\/fr\/wp-json\/wp\/v2\/comments?post=98303"}],"wp:featuredmedia":[{"embeddable":true,"href":"https:\/\/explorial.com\/fr\/wp-json\/wp\/v2\/media\/98122"}],"wp:attachment":[{"href":"https:\/\/explorial.com\/fr\/wp-json\/wp\/v2\/media?parent=98303"}],"wp:term":[{"taxonomy":"product_brand","embeddable":true,"href":"https:\/\/explorial.com\/fr\/wp-json\/wp\/v2\/product_brand?post=98303"},{"taxonomy":"product_cat","embeddable":true,"href":"https:\/\/explorial.com\/fr\/wp-json\/wp\/v2\/product_cat?post=98303"},{"taxonomy":"product_tag","embeddable":true,"href":"https:\/\/explorial.com\/fr\/wp-json\/wp\/v2\/product_tag?post=98303"}],"curies":[{"name":"wp","href":"https:\/\/api.w.org\/{rel}","templated":true}]}}