{"id":97175,"date":"2023-06-26T13:14:08","date_gmt":"2023-06-26T13:14:08","guid":{"rendered":"https:\/\/explorial.com\/trails\/tour-de-ville-lausanne-2\/"},"modified":"2024-09-16T09:15:16","modified_gmt":"2024-09-16T09:15:16","slug":"tour-de-ville-lausanne-2","status":"publish","type":"product","link":"https:\/\/explorial.com\/fr\/trails\/tour-de-ville-lausanne-2\/","title":{"rendered":"Lausanne (Quartier d&rsquo;Ouchy)"},"content":{"rendered":"","protected":false},"excerpt":{"rendered":"","protected":false},"featured_media":96994,"comment_status":"open","ping_status":"closed","template":"","meta":{"_acf_changed":false},"product_brand":[],"product_cat":[1192,1181],"product_tag":[881],"class_list":{"0":"post-97175","1":"product","2":"type-product","3":"status-publish","4":"has-post-thumbnail","6":"product_cat-lake-geneva-region-fr","7":"product_cat-switzerland-fr","8":"product_tag-lausanne-es","10":"first","11":"instock","12":"sale","13":"taxable","14":"shipping-taxable","15":"purchasable","16":"product-type-variable"},"acf":{"city_name":"Lausanne","city_name_display":"Lausanne (Quartier d'Ouchy)","languages":"Fran\u00e7ais, Anglais, Allemand","duration":"environ 1,5 \u00e0 2 heures","description_1":"","description_2":"","city_description":"Lausanne est une ville au charme ind\u00e9niable qui m\u00e9rite son surnom de \u201cPerle du L\u00e9man\u201d. C\u2019est une ville aux mille vues qui saura ravir vos yeux ainsi que votre curiosit\u00e9. Nomm\u00e9e aussi Capitale Olympique, car oui, Lausanne est la seule ville au monde \u00e0 d\u00e9tenir ce titre. Ce parcours va vous emmener \u00e0 la d\u00e9couverte du quartier Sous-Gare jusqu'au port d\u2019Ouchy et de ses attraits environnants li\u00e9s aux Jeux Olympiques.","short_description":"","notes":"","header_image":96988,"highlight_locations":"Boulevard Grancy, L'horloge olympique, Le feu olympique","additional_wheelchair":"Malheureusement, cette piste n\u2019est que partiellement adapt\u00e9e aux fauteuils roulants et aux poussettes en raison de ses pentes et de ses escaliers. Cependant, la piste peut \u00eatre jou\u00e9e, mais certains endroits peuvent \u00eatre plus difficiles d\u2019acc\u00e8s.","voucher_link":"","start_location_coordinates":"46.51498, 6.62489","start_location_name":"Le parc Milan","start_location_address":"Parc de MIlan \n1007 Lausanne\nSuisse","end_location_name":"Le feu olympique","partner_object":null},"_links":{"self":[{"href":"https:\/\/explorial.com\/fr\/wp-json\/wp\/v2\/product\/97175","targetHints":{"allow":["GET"]}}],"collection":[{"href":"https:\/\/explorial.com\/fr\/wp-json\/wp\/v2\/product"}],"about":[{"href":"https:\/\/explorial.com\/fr\/wp-json\/wp\/v2\/types\/product"}],"replies":[{"embeddable":true,"href":"https:\/\/explorial.com\/fr\/wp-json\/wp\/v2\/comments?post=97175"}],"wp:featuredmedia":[{"embeddable":true,"href":"https:\/\/explorial.com\/fr\/wp-json\/wp\/v2\/media\/96994"}],"wp:attachment":[{"href":"https:\/\/explorial.com\/fr\/wp-json\/wp\/v2\/media?parent=97175"}],"wp:term":[{"taxonomy":"product_brand","embeddable":true,"href":"https:\/\/explorial.com\/fr\/wp-json\/wp\/v2\/product_brand?post=97175"},{"taxonomy":"product_cat","embeddable":true,"href":"https:\/\/explorial.com\/fr\/wp-json\/wp\/v2\/product_cat?post=97175"},{"taxonomy":"product_tag","embeddable":true,"href":"https:\/\/explorial.com\/fr\/wp-json\/wp\/v2\/product_tag?post=97175"}],"curies":[{"name":"wp","href":"https:\/\/api.w.org\/{rel}","templated":true}]}}